{"id":93046,"date":"2020-01-15T10:26:00","date_gmt":"2020-01-15T09:26:00","guid":{"rendered":"https:\/\/www.sport4club.be\/?post_type=product&#038;p=93046"},"modified":"2024-08-22T10:03:55","modified_gmt":"2024-08-22T08:03:55","slug":"wilson-triniti-18-x-4-balles","status":"publish","type":"product","link":"https:\/\/www.sport4club.be\/index.php\/product\/wilson-triniti-18-x-4-balles\/","title":{"rendered":"Wilson Triniti (carton 18 x 4 balles)"},"content":{"rendered":"<p>Ces balles durables sont gliss\u00e9s dans un tube 100% recyclable. La balle Wilson Triniti est sous pression et con\u00e7u pour apporter une meilleure dur\u00e9e de vie, d&#8217;excellentes sensations de jeu et un meilleur contr\u00f4le \u00e0 la frappe.<\/p>\n<p>Tube de 4 balles.<\/p>\n","protected":false},"excerpt":{"rendered":"<p>Ces balles durables sont gliss\u00e9s dans un tube 100% recyclable. La balle Wilson Triniti est sous pression et con\u00e7u pour apporter une meilleure dur\u00e9e de vie, d&#8217;excellentes sensations de jeu et un meilleur contr\u00f4le \u00e0 la frappe. Tube de 4 balles.<\/p>\n","protected":false},"featured_media":93047,"comment_status":"open","ping_status":"closed","template":"","meta":[],"product_cat":[106],"product_tag":[],"_links":{"self":[{"href":"https:\/\/www.sport4club.be\/index.php\/wp-json\/wp\/v2\/product\/93046"}],"collection":[{"href":"https:\/\/www.sport4club.be\/index.php\/wp-json\/wp\/v2\/product"}],"about":[{"href":"https:\/\/www.sport4club.be\/index.php\/wp-json\/wp\/v2\/types\/product"}],"replies":[{"embeddable":true,"href":"https:\/\/www.sport4club.be\/index.php\/wp-json\/wp\/v2\/comments?post=93046"}],"wp:featuredmedia":[{"embeddable":true,"href":"https:\/\/www.sport4club.be\/index.php\/wp-json\/wp\/v2\/media\/93047"}],"wp:attachment":[{"href":"https:\/\/www.sport4club.be\/index.php\/wp-json\/wp\/v2\/media?parent=93046"}],"wp:term":[{"taxonomy":"product_cat","embeddable":true,"href":"https:\/\/www.sport4club.be\/index.php\/wp-json\/wp\/v2\/product_cat?post=93046"},{"taxonomy":"product_tag","embeddable":true,"href":"https:\/\/www.sport4club.be\/index.php\/wp-json\/wp\/v2\/product_tag?post=93046"}],"curies":[{"name":"wp","href":"https:\/\/api.w.org\/{rel}","templated":true}]}}