{"id":92996,"date":"2020-01-14T14:57:48","date_gmt":"2020-01-14T13:57:48","guid":{"rendered":"https:\/\/www.sport4club.be\/?post_type=product&#038;p=92996"},"modified":"2024-02-04T14:17:25","modified_gmt":"2024-02-04T13:17:25","slug":"wilson-revolve-twist-200m","status":"publish","type":"product","link":"https:\/\/www.sport4club.be\/index.php\/product\/wilson-revolve-twist-200m\/","title":{"rendered":"Wilson Revolve Twist Gris (200M)"},"content":{"rendered":"<p>Conditionn\u00e9 en bobine de 200m, le cordage Wilson Revolve Twist est un monofilament pens\u00e9 pour apporter un maximum de prise d&#8217;effet, du contr\u00f4le et une excellente durabilit\u00e9. Sa structure torsad\u00e9e permet d&#8217;obtenir une excellente accroche pour plus de lift et de lourdeur de balle.<\/p>\n<p>Sa rigidit\u00e9 se situe entre le Revolve classique et le Revolve Spin pour un haut niveau de contr\u00f4le tout en gardant une r\u00e9serve de puissance sur les frappes appuy\u00e9es.<\/p>\n<p>Comme les autres cordages de la gamme, le Revolve Twist dispose d&#8217;un excellent Snapback gr\u00e2ce aux mat\u00e9riaux \u00e0 faible friction utilis\u00e9s dans sa conception. Les cordes reviennent rapidement en place apr\u00e8s contact avec la balle pour toujours plus de prise d&#8217;effet.<\/p>\n<p>Ce cordage conviendra parfaitement aux joueurs interm\u00e9diaire \u00e0 avanc\u00e9s qui souhaitent optimiser l&#8217;accroche de balle pour repousser leur adversaire. Le gros casseurs seront s\u00e9duits par la durabilit\u00e9 de la corde.<\/p>\n","protected":false},"excerpt":{"rendered":"<p>Conditionn\u00e9 en bobine de 200m, le cordage Wilson Revolve Twist est un monofilament pens\u00e9 pour apporter un maximum de prise d&#8217;effet, du contr\u00f4le et une excellente durabilit\u00e9. Sa structure torsad\u00e9e permet d&#8217;obtenir une excellente accroche pour plus de lift et de lourdeur de balle. Sa rigidit\u00e9 se situe entre le Revolve classique et le Revolve [&hellip;]<\/p>\n","protected":false},"featured_media":92999,"comment_status":"open","ping_status":"closed","template":"","meta":[],"product_cat":[108],"product_tag":[],"_links":{"self":[{"href":"https:\/\/www.sport4club.be\/index.php\/wp-json\/wp\/v2\/product\/92996"}],"collection":[{"href":"https:\/\/www.sport4club.be\/index.php\/wp-json\/wp\/v2\/product"}],"about":[{"href":"https:\/\/www.sport4club.be\/index.php\/wp-json\/wp\/v2\/types\/product"}],"replies":[{"embeddable":true,"href":"https:\/\/www.sport4club.be\/index.php\/wp-json\/wp\/v2\/comments?post=92996"}],"wp:featuredmedia":[{"embeddable":true,"href":"https:\/\/www.sport4club.be\/index.php\/wp-json\/wp\/v2\/media\/92999"}],"wp:attachment":[{"href":"https:\/\/www.sport4club.be\/index.php\/wp-json\/wp\/v2\/media?parent=92996"}],"wp:term":[{"taxonomy":"product_cat","embeddable":true,"href":"https:\/\/www.sport4club.be\/index.php\/wp-json\/wp\/v2\/product_cat?post=92996"},{"taxonomy":"product_tag","embeddable":true,"href":"https:\/\/www.sport4club.be\/index.php\/wp-json\/wp\/v2\/product_tag?post=92996"}],"curies":[{"name":"wp","href":"https:\/\/api.w.org\/{rel}","templated":true}]}}