{"id":92604,"date":"2020-01-01T15:50:16","date_gmt":"2020-01-01T14:50:16","guid":{"rendered":"https:\/\/www.sport4club.be\/?post_type=product&#038;p=92604"},"modified":"2023-03-16T08:58:47","modified_gmt":"2023-03-16T07:58:47","slug":"robin-soderling-all-court-tour-edition-4-balles","status":"publish","type":"product","link":"https:\/\/www.sport4club.be\/index.php\/product\/robin-soderling-all-court-tour-edition-4-balles\/","title":{"rendered":"Robin S\u00f6derling All Court Tour Edition (4 Balles)"},"content":{"rendered":"<p>Ces balles de tennis Robin S\u00f6derling Tour Edition sont l\u00e9g\u00e8rement plus vives que les balles Black Edition et sont donc recommand\u00e9es pour les courts de tennis en terre battue ou bien pour les surfaces dures lentes ou moyennes. Elles disposent d&#8217;une grande durabilit\u00e9 et d&#8217;un feutre de qualit\u00e9 qui garantit des performances maximales !<\/p>\n<p>Balles utilis\u00e9es lors du tournoi ATP de Stockholm<\/p>\n","protected":false},"excerpt":{"rendered":"<p>Ces balles de tennis Robin S\u00f6derling Tour Edition sont l\u00e9g\u00e8rement plus vives que les balles Black Edition et sont donc recommand\u00e9es pour les courts de tennis en terre battue ou bien pour les surfaces dures lentes ou moyennes. Elles disposent d&#8217;une grande durabilit\u00e9 et d&#8217;un feutre de qualit\u00e9 qui garantit des performances maximales ! Balles [&hellip;]<\/p>\n","protected":false},"featured_media":92605,"comment_status":"open","ping_status":"closed","template":"","meta":[],"product_cat":[106],"product_tag":[],"_links":{"self":[{"href":"https:\/\/www.sport4club.be\/index.php\/wp-json\/wp\/v2\/product\/92604"}],"collection":[{"href":"https:\/\/www.sport4club.be\/index.php\/wp-json\/wp\/v2\/product"}],"about":[{"href":"https:\/\/www.sport4club.be\/index.php\/wp-json\/wp\/v2\/types\/product"}],"replies":[{"embeddable":true,"href":"https:\/\/www.sport4club.be\/index.php\/wp-json\/wp\/v2\/comments?post=92604"}],"wp:featuredmedia":[{"embeddable":true,"href":"https:\/\/www.sport4club.be\/index.php\/wp-json\/wp\/v2\/media\/92605"}],"wp:attachment":[{"href":"https:\/\/www.sport4club.be\/index.php\/wp-json\/wp\/v2\/media?parent=92604"}],"wp:term":[{"taxonomy":"product_cat","embeddable":true,"href":"https:\/\/www.sport4club.be\/index.php\/wp-json\/wp\/v2\/product_cat?post=92604"},{"taxonomy":"product_tag","embeddable":true,"href":"https:\/\/www.sport4club.be\/index.php\/wp-json\/wp\/v2\/product_tag?post=92604"}],"curies":[{"name":"wp","href":"https:\/\/api.w.org\/{rel}","templated":true}]}}