{"id":92601,"date":"2020-01-01T15:43:54","date_gmt":"2020-01-01T14:43:54","guid":{"rendered":"https:\/\/www.sport4club.be\/?post_type=product&#038;p=92601"},"modified":"2023-03-16T08:56:46","modified_gmt":"2023-03-16T07:56:46","slug":"robin-soderling-all-court-black-edition-carton-18-tubes","status":"publish","type":"product","link":"https:\/\/www.sport4club.be\/index.php\/product\/robin-soderling-all-court-black-edition-carton-18-tubes\/","title":{"rendered":"Robin S\u00f6derling All Court Black Edition (Carton 18 Tubes)"},"content":{"rendered":"<p>La balle d\u00e9velopp\u00e9e par Robin Soderling est une balle haut de gamme performante et r\u00e9sistante dans le temps.<\/p>\n<p>Robin Soderling qui a atteint \u00e0 deux reprises la finale de Roland Garros est le premier joueur a developp\u00e9 une gamme de produit technique.<\/p>\n<p>C&#8217;est ainsi qu&#8217;avec son \u00e9quipe d&#8217;ing\u00e9nieurs et de developpeurs produits, ils ont d\u00e9velopp\u00e9 la balle RS All Court Black Edition.<\/p>\n<p>C&#8217;est une balle haut de gamme qui allie vivacit\u00e9 et r\u00e9sistance.<\/p>\n","protected":false},"excerpt":{"rendered":"<p>La balle d\u00e9velopp\u00e9e par Robin Soderling est une balle haut de gamme performante et r\u00e9sistante dans le temps. Robin Soderling qui a atteint \u00e0 deux reprises la finale de Roland Garros est le premier joueur a developp\u00e9 une gamme de produit technique. C&#8217;est ainsi qu&#8217;avec son \u00e9quipe d&#8217;ing\u00e9nieurs et de developpeurs produits, ils ont d\u00e9velopp\u00e9 [&hellip;]<\/p>\n","protected":false},"featured_media":92602,"comment_status":"open","ping_status":"closed","template":"","meta":[],"product_cat":[106],"product_tag":[],"_links":{"self":[{"href":"https:\/\/www.sport4club.be\/index.php\/wp-json\/wp\/v2\/product\/92601"}],"collection":[{"href":"https:\/\/www.sport4club.be\/index.php\/wp-json\/wp\/v2\/product"}],"about":[{"href":"https:\/\/www.sport4club.be\/index.php\/wp-json\/wp\/v2\/types\/product"}],"replies":[{"embeddable":true,"href":"https:\/\/www.sport4club.be\/index.php\/wp-json\/wp\/v2\/comments?post=92601"}],"wp:featuredmedia":[{"embeddable":true,"href":"https:\/\/www.sport4club.be\/index.php\/wp-json\/wp\/v2\/media\/92602"}],"wp:attachment":[{"href":"https:\/\/www.sport4club.be\/index.php\/wp-json\/wp\/v2\/media?parent=92601"}],"wp:term":[{"taxonomy":"product_cat","embeddable":true,"href":"https:\/\/www.sport4club.be\/index.php\/wp-json\/wp\/v2\/product_cat?post=92601"},{"taxonomy":"product_tag","embeddable":true,"href":"https:\/\/www.sport4club.be\/index.php\/wp-json\/wp\/v2\/product_tag?post=92601"}],"curies":[{"name":"wp","href":"https:\/\/api.w.org\/{rel}","templated":true}]}}