{"id":92384,"date":"2019-12-25T11:51:50","date_gmt":"2019-12-25T10:51:50","guid":{"rendered":"https:\/\/www.sport4club.be\/?post_type=product&#038;p=92384"},"modified":"2019-12-25T11:51:50","modified_gmt":"2019-12-25T10:51:50","slug":"solinco-wonder-overgrips-blancs-3pces","status":"publish","type":"product","link":"https:\/\/www.sport4club.be\/index.php\/product\/solinco-wonder-overgrips-blancs-3pces\/","title":{"rendered":"Solinco Wonder Overgrips Blancs (3pces)"},"content":{"rendered":"<p>Au toucher, le surgrip WONDER GRIP est tr\u00e8s doux, la main s&#8217;enfonce pour offrir un grand confort.<\/p>\n<p>Il adh\u00e8re tr\u00e8s bien et durablement dans le temps. Forte absorption de la transpiration.<\/p>\n<p><strong>Epaisseur : 0.60mm<br \/>\nLongueur 105 cm x largeur 2.7 cm<br \/>\nColoris : Blanc<\/strong><\/p>\n<p>A la pose, le surgrip poss\u00e8de une petite languette sur une partie adh\u00e9sive \u00e0 enlever pour d\u00e9marrer la pose + film de protection pour une meilleure conservation du surgrip. La base et l&#8217;extr\u00e9mit\u00e9 du surgrip sont biseaut\u00e9es pour faciliter la pose.<\/p>\n<p>La finition est excellente.<\/p>\n","protected":false},"excerpt":{"rendered":"<p>Au toucher, le surgrip WONDER GRIP est tr\u00e8s doux, la main s&#8217;enfonce pour offrir un grand confort. Il adh\u00e8re tr\u00e8s bien et durablement dans le temps. Forte absorption de la transpiration. Epaisseur : 0.60mm Longueur 105 cm x largeur 2.7 cm Coloris : Blanc A la pose, le surgrip poss\u00e8de une petite languette sur une [&hellip;]<\/p>\n","protected":false},"featured_media":92385,"comment_status":"open","ping_status":"closed","template":"","meta":[],"product_cat":[120],"product_tag":[],"_links":{"self":[{"href":"https:\/\/www.sport4club.be\/index.php\/wp-json\/wp\/v2\/product\/92384"}],"collection":[{"href":"https:\/\/www.sport4club.be\/index.php\/wp-json\/wp\/v2\/product"}],"about":[{"href":"https:\/\/www.sport4club.be\/index.php\/wp-json\/wp\/v2\/types\/product"}],"replies":[{"embeddable":true,"href":"https:\/\/www.sport4club.be\/index.php\/wp-json\/wp\/v2\/comments?post=92384"}],"wp:featuredmedia":[{"embeddable":true,"href":"https:\/\/www.sport4club.be\/index.php\/wp-json\/wp\/v2\/media\/92385"}],"wp:attachment":[{"href":"https:\/\/www.sport4club.be\/index.php\/wp-json\/wp\/v2\/media?parent=92384"}],"wp:term":[{"taxonomy":"product_cat","embeddable":true,"href":"https:\/\/www.sport4club.be\/index.php\/wp-json\/wp\/v2\/product_cat?post=92384"},{"taxonomy":"product_tag","embeddable":true,"href":"https:\/\/www.sport4club.be\/index.php\/wp-json\/wp\/v2\/product_tag?post=92384"}],"curies":[{"name":"wp","href":"https:\/\/api.w.org\/{rel}","templated":true}]}}