{"id":91843,"date":"2019-12-08T18:32:09","date_gmt":"2019-12-08T17:32:09","guid":{"rendered":"https:\/\/www.sport4club.be\/?post_type=product&#038;p=91843"},"modified":"2024-10-11T08:21:56","modified_gmt":"2024-10-11T06:21:56","slug":"nox-overgrips-pro-blancs-perfores-x3","status":"publish","type":"product","link":"https:\/\/www.sport4club.be\/index.php\/product\/nox-overgrips-pro-blancs-perfores-x3\/","title":{"rendered":"Nox Overgrips Pro White Perforated X3pces"},"content":{"rendered":"<p><em>3 Surgrips blancs perfor\u00e9s pour padel de qualit\u00e9 professionnelle.<\/em><\/p>\n<p><em>La meilleure adh\u00e9rence et l&#8217;\u00e9lasticit\u00e9 pour assurer un maximum de confort et r\u00e9duire les blessures et l&#8217;inconfort dans le coude en raison des vibrations.<\/em><\/p>\n<p>&nbsp;<\/p>\n<p>&nbsp;<\/p>\n","protected":false},"excerpt":{"rendered":"<p>3 Surgrips blancs perfor\u00e9s pour padel de qualit\u00e9 professionnelle. La meilleure adh\u00e9rence et l&#8217;\u00e9lasticit\u00e9 pour assurer un maximum de confort et r\u00e9duire les blessures et l&#8217;inconfort dans le coude en raison des vibrations. &nbsp; &nbsp;<\/p>\n","protected":false},"featured_media":91844,"comment_status":"open","ping_status":"closed","template":"","meta":[],"product_cat":[87],"product_tag":[],"_links":{"self":[{"href":"https:\/\/www.sport4club.be\/index.php\/wp-json\/wp\/v2\/product\/91843"}],"collection":[{"href":"https:\/\/www.sport4club.be\/index.php\/wp-json\/wp\/v2\/product"}],"about":[{"href":"https:\/\/www.sport4club.be\/index.php\/wp-json\/wp\/v2\/types\/product"}],"replies":[{"embeddable":true,"href":"https:\/\/www.sport4club.be\/index.php\/wp-json\/wp\/v2\/comments?post=91843"}],"wp:featuredmedia":[{"embeddable":true,"href":"https:\/\/www.sport4club.be\/index.php\/wp-json\/wp\/v2\/media\/91844"}],"wp:attachment":[{"href":"https:\/\/www.sport4club.be\/index.php\/wp-json\/wp\/v2\/media?parent=91843"}],"wp:term":[{"taxonomy":"product_cat","embeddable":true,"href":"https:\/\/www.sport4club.be\/index.php\/wp-json\/wp\/v2\/product_cat?post=91843"},{"taxonomy":"product_tag","embeddable":true,"href":"https:\/\/www.sport4club.be\/index.php\/wp-json\/wp\/v2\/product_tag?post=91843"}],"curies":[{"name":"wp","href":"https:\/\/api.w.org\/{rel}","templated":true}]}}