{"id":91830,"date":"2019-12-08T18:01:19","date_gmt":"2019-12-08T17:01:19","guid":{"rendered":"https:\/\/www.sport4club.be\/?post_type=product&#038;p=91830"},"modified":"2024-12-07T08:58:41","modified_gmt":"2024-12-07T07:58:41","slug":"nox-women-socks-35-39","status":"publish","type":"product","link":"https:\/\/www.sport4club.be\/index.php\/product\/nox-women-socks-35-39\/","title":{"rendered":"Nox tECHNICAL Women Socks (35-39)"},"content":{"rendered":"<p><em>Chaussettes particuli\u00e8rement adapt\u00e9es aux joueurs r\u00e9guliers avec une charge d&#8217;entra\u00eenement hebdomadaire \u00e9lev\u00e9e.\u00a0Style Pinkies (bas de cheville) avec logo NOX brod\u00e9.<\/em><\/p>\n<p><em>Taille unique (35-39)<\/em><\/p>\n<p class=\"p1\"><em><strong>Composition<\/strong>\u00a0: 70% Coton \/ 30% Polyamide<\/em><\/p>\n","protected":false},"excerpt":{"rendered":"<p>Chaussettes particuli\u00e8rement adapt\u00e9es aux joueurs r\u00e9guliers avec une charge d&#8217;entra\u00eenement hebdomadaire \u00e9lev\u00e9e.\u00a0Style Pinkies (bas de cheville) avec logo NOX brod\u00e9. Taille unique (35-39) Composition\u00a0: 70% Coton \/ 30% Polyamide<\/p>\n","protected":false},"featured_media":110761,"comment_status":"open","ping_status":"closed","template":"","meta":[],"product_cat":[87,86],"product_tag":[],"_links":{"self":[{"href":"https:\/\/www.sport4club.be\/index.php\/wp-json\/wp\/v2\/product\/91830"}],"collection":[{"href":"https:\/\/www.sport4club.be\/index.php\/wp-json\/wp\/v2\/product"}],"about":[{"href":"https:\/\/www.sport4club.be\/index.php\/wp-json\/wp\/v2\/types\/product"}],"replies":[{"embeddable":true,"href":"https:\/\/www.sport4club.be\/index.php\/wp-json\/wp\/v2\/comments?post=91830"}],"wp:featuredmedia":[{"embeddable":true,"href":"https:\/\/www.sport4club.be\/index.php\/wp-json\/wp\/v2\/media\/110761"}],"wp:attachment":[{"href":"https:\/\/www.sport4club.be\/index.php\/wp-json\/wp\/v2\/media?parent=91830"}],"wp:term":[{"taxonomy":"product_cat","embeddable":true,"href":"https:\/\/www.sport4club.be\/index.php\/wp-json\/wp\/v2\/product_cat?post=91830"},{"taxonomy":"product_tag","embeddable":true,"href":"https:\/\/www.sport4club.be\/index.php\/wp-json\/wp\/v2\/product_tag?post=91830"}],"curies":[{"name":"wp","href":"https:\/\/api.w.org\/{rel}","templated":true}]}}