{"id":91792,"date":"2019-12-08T16:48:03","date_gmt":"2019-12-08T15:48:03","guid":{"rendered":"https:\/\/www.sport4club.be\/?post_type=product&#038;p=91792"},"modified":"2024-12-07T08:51:36","modified_gmt":"2024-12-07T07:51:36","slug":"nox-wristband-2pces","status":"publish","type":"product","link":"https:\/\/www.sport4club.be\/index.php\/product\/nox-wristband-2pces\/","title":{"rendered":"Nox Wristband X2pces"},"content":{"rendered":"<p><em>Poignet confortable en coton combin\u00e9 \u00e0 des fibres de nylon et du polyester avec la technologie Balance Fresh de Nox pour \u00e9vacuer la transpiration. <\/em><\/p>\n<p><em>Pour garder le poignet chaud \u00e0 chaque frappe.<\/em><\/p>\n","protected":false},"excerpt":{"rendered":"<p>Poignet confortable en coton combin\u00e9 \u00e0 des fibres de nylon et du polyester avec la technologie Balance Fresh de Nox pour \u00e9vacuer la transpiration. Pour garder le poignet chaud \u00e0 chaque frappe.<\/p>\n","protected":false},"featured_media":91793,"comment_status":"open","ping_status":"closed","template":"","meta":[],"product_cat":[87],"product_tag":[],"_links":{"self":[{"href":"https:\/\/www.sport4club.be\/index.php\/wp-json\/wp\/v2\/product\/91792"}],"collection":[{"href":"https:\/\/www.sport4club.be\/index.php\/wp-json\/wp\/v2\/product"}],"about":[{"href":"https:\/\/www.sport4club.be\/index.php\/wp-json\/wp\/v2\/types\/product"}],"replies":[{"embeddable":true,"href":"https:\/\/www.sport4club.be\/index.php\/wp-json\/wp\/v2\/comments?post=91792"}],"wp:featuredmedia":[{"embeddable":true,"href":"https:\/\/www.sport4club.be\/index.php\/wp-json\/wp\/v2\/media\/91793"}],"wp:attachment":[{"href":"https:\/\/www.sport4club.be\/index.php\/wp-json\/wp\/v2\/media?parent=91792"}],"wp:term":[{"taxonomy":"product_cat","embeddable":true,"href":"https:\/\/www.sport4club.be\/index.php\/wp-json\/wp\/v2\/product_cat?post=91792"},{"taxonomy":"product_tag","embeddable":true,"href":"https:\/\/www.sport4club.be\/index.php\/wp-json\/wp\/v2\/product_tag?post=91792"}],"curies":[{"name":"wp","href":"https:\/\/api.w.org\/{rel}","templated":true}]}}