{"id":90638,"date":"2019-11-03T12:45:03","date_gmt":"2019-11-03T11:45:03","guid":{"rendered":"https:\/\/www.sport4club.be\/?post_type=product&#038;p=90638"},"modified":"2024-02-14T11:32:49","modified_gmt":"2024-02-14T10:32:49","slug":"prince-textreme-beast-100-300gr","status":"publish","type":"product","link":"https:\/\/www.sport4club.be\/index.php\/product\/prince-textreme-beast-100-300gr\/","title":{"rendered":"Prince Beast 100 (300gr)"},"content":{"rendered":"<p>La\u00a0<strong>raquette Prince Beast 100 300g<\/strong> affiche un nouveau design sobre et dynamique \u00e0 la fois.<\/p>\n<p>On retrouve l&#8217;ADN de la gamme avec le noir et le rouge toujours pr\u00e9sents.<br \/>\nPrince conserve sa technologie phare : le\u00a0<strong>TeXtreme Spread Tow<\/strong>\u00a0qui procure une meilleure absorption des vibrations, mais \u00e9galement une meilleure stabilit\u00e9.<\/p>\n<p>Nous conseillons la raquette\u00a0<strong>Prince Beast 100 300g<\/strong>\u00a0aux comp\u00e9titeurs en recherche d&#8217;un maximum de puissance, de maniabilit\u00e9 ainsi qu&#8217;un bon confort pour d\u00e9border leurs adversaires.<\/p>\n","protected":false},"excerpt":{"rendered":"<p>La\u00a0raquette Prince Beast 100 300g affiche un nouveau design sobre et dynamique \u00e0 la fois. On retrouve l&#8217;ADN de la gamme avec le noir et le rouge toujours pr\u00e9sents. Prince conserve sa technologie phare : le\u00a0TeXtreme Spread Tow\u00a0qui procure une meilleure absorption des vibrations, mais \u00e9galement une meilleure stabilit\u00e9. Nous conseillons la raquette\u00a0Prince Beast 100 [&hellip;]<\/p>\n","protected":false},"featured_media":111777,"comment_status":"open","ping_status":"closed","template":"","meta":[],"product_cat":[145,786],"product_tag":[],"_links":{"self":[{"href":"https:\/\/www.sport4club.be\/index.php\/wp-json\/wp\/v2\/product\/90638"}],"collection":[{"href":"https:\/\/www.sport4club.be\/index.php\/wp-json\/wp\/v2\/product"}],"about":[{"href":"https:\/\/www.sport4club.be\/index.php\/wp-json\/wp\/v2\/types\/product"}],"replies":[{"embeddable":true,"href":"https:\/\/www.sport4club.be\/index.php\/wp-json\/wp\/v2\/comments?post=90638"}],"wp:featuredmedia":[{"embeddable":true,"href":"https:\/\/www.sport4club.be\/index.php\/wp-json\/wp\/v2\/media\/111777"}],"wp:attachment":[{"href":"https:\/\/www.sport4club.be\/index.php\/wp-json\/wp\/v2\/media?parent=90638"}],"wp:term":[{"taxonomy":"product_cat","embeddable":true,"href":"https:\/\/www.sport4club.be\/index.php\/wp-json\/wp\/v2\/product_cat?post=90638"},{"taxonomy":"product_tag","embeddable":true,"href":"https:\/\/www.sport4club.be\/index.php\/wp-json\/wp\/v2\/product_tag?post=90638"}],"curies":[{"name":"wp","href":"https:\/\/api.w.org\/{rel}","templated":true}]}}