{"id":8695,"date":"2018-11-17T10:34:42","date_gmt":"2018-11-17T09:34:42","guid":{"rendered":"https:\/\/www.sport4club.be\/index.php\/product\/merco-comet-tour-275-gr\/"},"modified":"2021-12-13T09:43:33","modified_gmt":"2021-12-13T08:43:33","slug":"merco-comet-tour-275-gr","status":"publish","type":"product","link":"https:\/\/www.sport4club.be\/index.php\/product\/merco-comet-tour-275-gr\/","title":{"rendered":"Merco COMET TOUR (275 GR)"},"content":{"rendered":"<p><em>Raquette de tennis l\u00e9g\u00e8re qui est adapt\u00e9e pour les joueurs d\u00e9butants, un rapport id\u00e9al de qualit\u00e9 et de prix.<\/em><\/p>\n","protected":false},"excerpt":{"rendered":"<p>Raquette de tennis l\u00e9g\u00e8re qui est adapt\u00e9e pour les joueurs d\u00e9butants, un rapport id\u00e9al de qualit\u00e9 et de prix.<\/p>\n","protected":false},"featured_media":10310,"comment_status":"open","ping_status":"closed","template":"","meta":[],"product_cat":[145],"product_tag":[],"_links":{"self":[{"href":"https:\/\/www.sport4club.be\/index.php\/wp-json\/wp\/v2\/product\/8695"}],"collection":[{"href":"https:\/\/www.sport4club.be\/index.php\/wp-json\/wp\/v2\/product"}],"about":[{"href":"https:\/\/www.sport4club.be\/index.php\/wp-json\/wp\/v2\/types\/product"}],"replies":[{"embeddable":true,"href":"https:\/\/www.sport4club.be\/index.php\/wp-json\/wp\/v2\/comments?post=8695"}],"wp:featuredmedia":[{"embeddable":true,"href":"https:\/\/www.sport4club.be\/index.php\/wp-json\/wp\/v2\/media\/10310"}],"wp:attachment":[{"href":"https:\/\/www.sport4club.be\/index.php\/wp-json\/wp\/v2\/media?parent=8695"}],"wp:term":[{"taxonomy":"product_cat","embeddable":true,"href":"https:\/\/www.sport4club.be\/index.php\/wp-json\/wp\/v2\/product_cat?post=8695"},{"taxonomy":"product_tag","embeddable":true,"href":"https:\/\/www.sport4club.be\/index.php\/wp-json\/wp\/v2\/product_tag?post=8695"}],"curies":[{"name":"wp","href":"https:\/\/api.w.org\/{rel}","templated":true}]}}