{"id":8584,"date":"2018-11-17T10:34:15","date_gmt":"2018-11-17T09:34:15","guid":{"rendered":"https:\/\/www.sport4club.be\/index.php\/product\/wilson-pro-staff-junior-25-251-gr\/"},"modified":"2023-02-20T09:23:26","modified_gmt":"2023-02-20T08:23:26","slug":"wilson-pro-staff-junior-25-251-gr","status":"publish","type":"product","link":"https:\/\/www.sport4club.be\/index.php\/product\/wilson-pro-staff-junior-25-251-gr\/","title":{"rendered":"Wilson PRO STAFF JUNIOR 25 (250gr)"},"content":{"rendered":"<p><em>La Pro Staff 25 est destin\u00e9e aux joueurs de 1.25m \u00e0 1.40m qui souhaitent progresser rapidement gr\u00e2ce \u00e0 sa tol\u00e9rance et son dosage contr\u00f4le\/puissance.<\/em><\/p>\n<p><em>Son niveau de contr\u00f4le sup\u00e9rieur permettra de ma\u00eetriser davantage le jeu et de l\u00e2cher les coups plus facilement. Sa tol\u00e9rance permettra un confort accrue.<\/em><\/p>\n<p><em>Elle est aux couleurs de la raquette utilis\u00e9e par Roger Federer.<\/em><\/p>\n","protected":false},"excerpt":{"rendered":"<p>La Pro Staff 25 est destin\u00e9e aux joueurs de 1.25m \u00e0 1.40m qui souhaitent progresser rapidement gr\u00e2ce \u00e0 sa tol\u00e9rance et son dosage contr\u00f4le\/puissance. Son niveau de contr\u00f4le sup\u00e9rieur permettra de ma\u00eetriser davantage le jeu et de l\u00e2cher les coups plus facilement. Sa tol\u00e9rance permettra un confort accrue. Elle est aux couleurs de la raquette [&hellip;]<\/p>\n","protected":false},"featured_media":10416,"comment_status":"open","ping_status":"closed","template":"","meta":[],"product_cat":[146],"product_tag":[],"_links":{"self":[{"href":"https:\/\/www.sport4club.be\/index.php\/wp-json\/wp\/v2\/product\/8584"}],"collection":[{"href":"https:\/\/www.sport4club.be\/index.php\/wp-json\/wp\/v2\/product"}],"about":[{"href":"https:\/\/www.sport4club.be\/index.php\/wp-json\/wp\/v2\/types\/product"}],"replies":[{"embeddable":true,"href":"https:\/\/www.sport4club.be\/index.php\/wp-json\/wp\/v2\/comments?post=8584"}],"wp:featuredmedia":[{"embeddable":true,"href":"https:\/\/www.sport4club.be\/index.php\/wp-json\/wp\/v2\/media\/10416"}],"wp:attachment":[{"href":"https:\/\/www.sport4club.be\/index.php\/wp-json\/wp\/v2\/media?parent=8584"}],"wp:term":[{"taxonomy":"product_cat","embeddable":true,"href":"https:\/\/www.sport4club.be\/index.php\/wp-json\/wp\/v2\/product_cat?post=8584"},{"taxonomy":"product_tag","embeddable":true,"href":"https:\/\/www.sport4club.be\/index.php\/wp-json\/wp\/v2\/product_tag?post=8584"}],"curies":[{"name":"wp","href":"https:\/\/api.w.org\/{rel}","templated":true}]}}