{"id":8543,"date":"2018-11-17T10:34:07","date_gmt":"2018-11-17T09:34:07","guid":{"rendered":"https:\/\/www.sport4club.be\/index.php\/product\/wilson-roger-federer-junior-21-195-gr\/"},"modified":"2025-01-13T07:42:55","modified_gmt":"2025-01-13T06:42:55","slug":"wilson-roger-federer-junior-21-195-gr","status":"publish","type":"product","link":"https:\/\/www.sport4club.be\/index.php\/product\/wilson-roger-federer-junior-21-195-gr\/","title":{"rendered":"Wilson FEDERER JUNIOR 21 (180 GR)"},"content":{"rendered":"<p><em>La raquette\u00a0<strong>Wilson Junior Federer 21<\/strong>\u00a0est con\u00e7ue pour les enfants de\u00a0<strong>4 \u00e0 6 ans<\/strong>\u00a0souhaitant s&#8217;initier au tennis et progresser avec une<\/em> raquette<em> l\u00e9g\u00e8re et r\u00e9sistante.<\/em><\/p>\n<p><em>Raquette cord\u00e9e<\/em><\/p>\n","protected":false},"excerpt":{"rendered":"<p>La raquette\u00a0Wilson Junior Federer 21\u00a0est con\u00e7ue pour les enfants de\u00a04 \u00e0 6 ans\u00a0souhaitant s&#8217;initier au tennis et progresser avec une raquette l\u00e9g\u00e8re et r\u00e9sistante. Raquette cord\u00e9e<\/p>\n","protected":false},"featured_media":109766,"comment_status":"open","ping_status":"closed","template":"","meta":[],"product_cat":[146],"product_tag":[],"_links":{"self":[{"href":"https:\/\/www.sport4club.be\/index.php\/wp-json\/wp\/v2\/product\/8543"}],"collection":[{"href":"https:\/\/www.sport4club.be\/index.php\/wp-json\/wp\/v2\/product"}],"about":[{"href":"https:\/\/www.sport4club.be\/index.php\/wp-json\/wp\/v2\/types\/product"}],"replies":[{"embeddable":true,"href":"https:\/\/www.sport4club.be\/index.php\/wp-json\/wp\/v2\/comments?post=8543"}],"wp:featuredmedia":[{"embeddable":true,"href":"https:\/\/www.sport4club.be\/index.php\/wp-json\/wp\/v2\/media\/109766"}],"wp:attachment":[{"href":"https:\/\/www.sport4club.be\/index.php\/wp-json\/wp\/v2\/media?parent=8543"}],"wp:term":[{"taxonomy":"product_cat","embeddable":true,"href":"https:\/\/www.sport4club.be\/index.php\/wp-json\/wp\/v2\/product_cat?post=8543"},{"taxonomy":"product_tag","embeddable":true,"href":"https:\/\/www.sport4club.be\/index.php\/wp-json\/wp\/v2\/product_tag?post=8543"}],"curies":[{"name":"wp","href":"https:\/\/api.w.org\/{rel}","templated":true}]}}