{"id":8468,"date":"2018-11-17T10:33:48","date_gmt":"2018-11-17T09:33:48","guid":{"rendered":"https:\/\/www.sport4club.be\/index.php\/product\/babolat-bfly-21-190-gr\/"},"modified":"2022-08-12T10:41:15","modified_gmt":"2022-08-12T08:41:15","slug":"babolat-bfly-21-190-gr","status":"publish","type":"product","link":"https:\/\/www.sport4club.be\/index.php\/product\/babolat-bfly-21-190-gr\/","title":{"rendered":"Babolat B&#8217;FLY 21 (190 GR)"},"content":{"rendered":"<p>C<em>hez Babolat, nous voulons rendre le tennis ludique pour les enfants. C\u2019est pourquoi nous avons cr\u00e9\u00e9 des raquettes de tennis comme la B-Fly, pour aider votre enfant \u00e0 s\u2019amuser plus rapidement sur les courts gr\u00e2ce \u00e0 un design cool qu&#8217;il va adorer. Mais l\u2019apprentissage des fondamentaux, c\u2019est important aussi. Nous avons donc int\u00e9gr\u00e9 des outils p\u00e9dagogiques directement sur la raquette pour aider les enfants \u00e0 ma\u00eetriser les bases du tennis. Ce n\u2019est pas un hasard si la raquette B-Fly est recommand\u00e9e par 6 000 entra\u00eeneurs partout dans le monde*.<\/em><\/p>\n<p><em>La raquette B-Fly\u00a021 est adapt\u00e9e aux jeunes joueuses mesurant entre 105 et 120 cm.<\/em><\/p>\n<p><em>*entra\u00eeneurs sous contrat avec Babolat ou affili\u00e9s aux clubs Babolat<\/em><\/p>\n","protected":false},"excerpt":{"rendered":"<p>Chez Babolat, nous voulons rendre le tennis ludique pour les enfants. C\u2019est pourquoi nous avons cr\u00e9\u00e9 des raquettes de tennis comme la B-Fly, pour aider votre enfant \u00e0 s\u2019amuser plus rapidement sur les courts gr\u00e2ce \u00e0 un design cool qu&#8217;il va adorer. Mais l\u2019apprentissage des fondamentaux, c\u2019est important aussi. Nous avons donc int\u00e9gr\u00e9 des outils [&hellip;]<\/p>\n","protected":false},"featured_media":109457,"comment_status":"open","ping_status":"closed","template":"","meta":[],"product_cat":[146],"product_tag":[],"_links":{"self":[{"href":"https:\/\/www.sport4club.be\/index.php\/wp-json\/wp\/v2\/product\/8468"}],"collection":[{"href":"https:\/\/www.sport4club.be\/index.php\/wp-json\/wp\/v2\/product"}],"about":[{"href":"https:\/\/www.sport4club.be\/index.php\/wp-json\/wp\/v2\/types\/product"}],"replies":[{"embeddable":true,"href":"https:\/\/www.sport4club.be\/index.php\/wp-json\/wp\/v2\/comments?post=8468"}],"wp:featuredmedia":[{"embeddable":true,"href":"https:\/\/www.sport4club.be\/index.php\/wp-json\/wp\/v2\/media\/109457"}],"wp:attachment":[{"href":"https:\/\/www.sport4club.be\/index.php\/wp-json\/wp\/v2\/media?parent=8468"}],"wp:term":[{"taxonomy":"product_cat","embeddable":true,"href":"https:\/\/www.sport4club.be\/index.php\/wp-json\/wp\/v2\/product_cat?post=8468"},{"taxonomy":"product_tag","embeddable":true,"href":"https:\/\/www.sport4club.be\/index.php\/wp-json\/wp\/v2\/product_tag?post=8468"}],"curies":[{"name":"wp","href":"https:\/\/api.w.org\/{rel}","templated":true}]}}