{"id":8458,"date":"2018-11-17T10:33:47","date_gmt":"2018-11-17T09:33:47","guid":{"rendered":"https:\/\/www.sport4club.be\/index.php\/product\/babolat-ballfighter-21-190-gr\/"},"modified":"2022-08-12T10:53:28","modified_gmt":"2022-08-12T08:53:28","slug":"babolat-ballfighter-21-190-gr","status":"publish","type":"product","link":"https:\/\/www.sport4club.be\/index.php\/product\/babolat-ballfighter-21-190-gr\/","title":{"rendered":"Babolat BALLFIGHTER 21 (190 GR)"},"content":{"rendered":"<p><em>Chez Babolat, nous voulons rendre le tennis ludique pour les enfants. C\u2019est pourquoi nous avons cr\u00e9\u00e9 des raquettes de tennis comme la Ballfighter, pour les aider \u00e0 s\u2019amuser plus rapidement sur les courts gr\u00e2ce \u00e0 un design cool qu&#8217;ils vont adorer. Mais l\u2019apprentissage des fondamentaux, c\u2019est important aussi. Nous avons donc int\u00e9gr\u00e9 des outils p\u00e9dagogiques directement sur la raquette pour aider les enfants \u00e0 ma\u00eetriser les bases du tennis. Ce n\u2019est pas un hasard si la raquette Ballfighter est recommand\u00e9e par 6 000 entra\u00eeneurs partout dans le monde*.<\/em><\/p>\n<p><em>La raquette Ballfighter 21 est adapt\u00e9e aux jeunes joueurs mesurant entre 105 et 120 cm.<\/em><\/p>\n<p><em>*entra\u00eeneurs sous contrat avec Babolat ou affili\u00e9s aux clubs Babolat<\/em><\/p>\n","protected":false},"excerpt":{"rendered":"<p>Chez Babolat, nous voulons rendre le tennis ludique pour les enfants. C\u2019est pourquoi nous avons cr\u00e9\u00e9 des raquettes de tennis comme la Ballfighter, pour les aider \u00e0 s\u2019amuser plus rapidement sur les courts gr\u00e2ce \u00e0 un design cool qu&#8217;ils vont adorer. Mais l\u2019apprentissage des fondamentaux, c\u2019est important aussi. Nous avons donc int\u00e9gr\u00e9 des outils p\u00e9dagogiques [&hellip;]<\/p>\n","protected":false},"featured_media":109462,"comment_status":"closed","ping_status":"closed","template":"","meta":[],"product_cat":[146],"product_tag":[],"_links":{"self":[{"href":"https:\/\/www.sport4club.be\/index.php\/wp-json\/wp\/v2\/product\/8458"}],"collection":[{"href":"https:\/\/www.sport4club.be\/index.php\/wp-json\/wp\/v2\/product"}],"about":[{"href":"https:\/\/www.sport4club.be\/index.php\/wp-json\/wp\/v2\/types\/product"}],"replies":[{"embeddable":true,"href":"https:\/\/www.sport4club.be\/index.php\/wp-json\/wp\/v2\/comments?post=8458"}],"wp:featuredmedia":[{"embeddable":true,"href":"https:\/\/www.sport4club.be\/index.php\/wp-json\/wp\/v2\/media\/109462"}],"wp:attachment":[{"href":"https:\/\/www.sport4club.be\/index.php\/wp-json\/wp\/v2\/media?parent=8458"}],"wp:term":[{"taxonomy":"product_cat","embeddable":true,"href":"https:\/\/www.sport4club.be\/index.php\/wp-json\/wp\/v2\/product_cat?post=8458"},{"taxonomy":"product_tag","embeddable":true,"href":"https:\/\/www.sport4club.be\/index.php\/wp-json\/wp\/v2\/product_tag?post=8458"}],"curies":[{"name":"wp","href":"https:\/\/api.w.org\/{rel}","templated":true}]}}