{"id":8442,"date":"2018-11-17T10:33:42","date_gmt":"2018-11-17T09:33:42","guid":{"rendered":"https:\/\/www.sport4club.be\/index.php\/product\/babolat-drive-junior-23-215-gr\/"},"modified":"2022-08-15T10:10:54","modified_gmt":"2022-08-15T08:10:54","slug":"babolat-drive-junior-23-215-gr","status":"publish","type":"product","link":"https:\/\/www.sport4club.be\/index.php\/product\/babolat-drive-junior-23-215-gr\/","title":{"rendered":"Babolat DRIVE JUNIOR 23 (215 GR)"},"content":{"rendered":"<p><em>R\u00e9serv\u00e9e aux enfants ! Des recherches approfondies sur la morphologie et les capacit\u00e9s des jeunes joueurs ont guid\u00e9 la conception de la raquette de tennis Drive Junior. Le r\u00e9sultat ? Une gamme de raquettes qui aidera votre enfant \u00e0 apprendre les techniques et les tactiques du tennis plus rapidement. Mais nous ne nous sommes pas arr\u00eat\u00e9s aux caract\u00e9ristiques de la raquette. La raquette Drive Junior se d\u00e9cline en plusieurs mod\u00e8les, pour que votre enfant puisse choisir une couleur en accord avec son style.<\/em><\/p>\n<p>&nbsp;<\/p>\n<p><em>La raquette Drive JR 23 est adapt\u00e9e aux jeunes joueurs mesurant entre 120 et 130 cm.<\/em><\/p>\n","protected":false},"excerpt":{"rendered":"<p>R\u00e9serv\u00e9e aux enfants ! Des recherches approfondies sur la morphologie et les capacit\u00e9s des jeunes joueurs ont guid\u00e9 la conception de la raquette de tennis Drive Junior. Le r\u00e9sultat ? Une gamme de raquettes qui aidera votre enfant \u00e0 apprendre les techniques et les tactiques du tennis plus rapidement. Mais nous ne nous sommes pas [&hellip;]<\/p>\n","protected":false},"featured_media":105891,"comment_status":"closed","ping_status":"closed","template":"","meta":[],"product_cat":[146],"product_tag":[],"_links":{"self":[{"href":"https:\/\/www.sport4club.be\/index.php\/wp-json\/wp\/v2\/product\/8442"}],"collection":[{"href":"https:\/\/www.sport4club.be\/index.php\/wp-json\/wp\/v2\/product"}],"about":[{"href":"https:\/\/www.sport4club.be\/index.php\/wp-json\/wp\/v2\/types\/product"}],"replies":[{"embeddable":true,"href":"https:\/\/www.sport4club.be\/index.php\/wp-json\/wp\/v2\/comments?post=8442"}],"wp:featuredmedia":[{"embeddable":true,"href":"https:\/\/www.sport4club.be\/index.php\/wp-json\/wp\/v2\/media\/105891"}],"wp:attachment":[{"href":"https:\/\/www.sport4club.be\/index.php\/wp-json\/wp\/v2\/media?parent=8442"}],"wp:term":[{"taxonomy":"product_cat","embeddable":true,"href":"https:\/\/www.sport4club.be\/index.php\/wp-json\/wp\/v2\/product_cat?post=8442"},{"taxonomy":"product_tag","embeddable":true,"href":"https:\/\/www.sport4club.be\/index.php\/wp-json\/wp\/v2\/product_tag?post=8442"}],"curies":[{"name":"wp","href":"https:\/\/api.w.org\/{rel}","templated":true}]}}