{"id":8437,"date":"2018-11-17T10:33:41","date_gmt":"2018-11-17T09:33:41","guid":{"rendered":"https:\/\/www.sport4club.be\/index.php\/product\/babolat-aero-junior-26-250-gr\/"},"modified":"2022-08-12T10:35:03","modified_gmt":"2022-08-12T08:35:03","slug":"babolat-aero-junior-26-250-gr","status":"publish","type":"product","link":"https:\/\/www.sport4club.be\/index.php\/product\/babolat-aero-junior-26-250-gr\/","title":{"rendered":"Babolat AERO JUNIOR 26 (250 GR)"},"content":{"rendered":"<p><em>Votre champion en herbe r\u00eave de remporter un Grand Chelem ? De gagner plus de titres que Rafa ? Nous ne pouvons pas lui garantir la victoire, mais nous pouvons vous assurer que tout commence par un \u00e9quipement adapt\u00e9 au niveau et \u00e0 la taille de votre futur champion. En nous inspirant de Rafa, nous avons con\u00e7u la raquette Aero Junior pour aider les jeunes joueurs \u00e0 progresser.<\/em><\/p>\n<p>&nbsp;<\/p>\n<p><em>La raquette Aero Junior 26 est adapt\u00e9e aux enfants mesurant entre 140 et 150 cm.<\/em><\/p>\n","protected":false},"excerpt":{"rendered":"<p>Votre champion en herbe r\u00eave de remporter un Grand Chelem ? De gagner plus de titres que Rafa ? Nous ne pouvons pas lui garantir la victoire, mais nous pouvons vous assurer que tout commence par un \u00e9quipement adapt\u00e9 au niveau et \u00e0 la taille de votre futur champion. En nous inspirant de Rafa, nous [&hellip;]<\/p>\n","protected":false},"featured_media":12719,"comment_status":"closed","ping_status":"closed","template":"","meta":[],"product_cat":[146],"product_tag":[],"_links":{"self":[{"href":"https:\/\/www.sport4club.be\/index.php\/wp-json\/wp\/v2\/product\/8437"}],"collection":[{"href":"https:\/\/www.sport4club.be\/index.php\/wp-json\/wp\/v2\/product"}],"about":[{"href":"https:\/\/www.sport4club.be\/index.php\/wp-json\/wp\/v2\/types\/product"}],"replies":[{"embeddable":true,"href":"https:\/\/www.sport4club.be\/index.php\/wp-json\/wp\/v2\/comments?post=8437"}],"wp:featuredmedia":[{"embeddable":true,"href":"https:\/\/www.sport4club.be\/index.php\/wp-json\/wp\/v2\/media\/12719"}],"wp:attachment":[{"href":"https:\/\/www.sport4club.be\/index.php\/wp-json\/wp\/v2\/media?parent=8437"}],"wp:term":[{"taxonomy":"product_cat","embeddable":true,"href":"https:\/\/www.sport4club.be\/index.php\/wp-json\/wp\/v2\/product_cat?post=8437"},{"taxonomy":"product_tag","embeddable":true,"href":"https:\/\/www.sport4club.be\/index.php\/wp-json\/wp\/v2\/product_tag?post=8437"}],"curies":[{"name":"wp","href":"https:\/\/api.w.org\/{rel}","templated":true}]}}