{"id":8432,"date":"2018-11-17T10:33:40","date_gmt":"2018-11-17T09:33:40","guid":{"rendered":"https:\/\/www.sport4club.be\/index.php\/product\/babolat-pure-strike-junior-25-240-gr\/"},"modified":"2022-08-15T10:45:40","modified_gmt":"2022-08-15T08:45:40","slug":"babolat-pure-strike-junior-25-240-gr","status":"publish","type":"product","link":"https:\/\/www.sport4club.be\/index.php\/product\/babolat-pure-strike-junior-25-240-gr\/","title":{"rendered":"Babolat PURE STRIKE JUNIOR 25 (240 GR)"},"content":{"rendered":"<p>L<em>a raquette\u00a0<strong>Babolat Pure Strike Junior 25<\/strong>\u00a0est id\u00e9ale pour les jeunes joueurs qui aiment frapper fort dans la balle. Elle apportera plus de contr\u00f4le que la gamme Pure Drive et Pure Aero tout en restant une raquette orient\u00e9e sur la puissance.<\/em><\/p>\n<p><em>Son nouveau look plus punchy et inspir\u00e9 par la comp\u00e9tition va faire des ravages sur les courts !<\/em><\/p>\n<p><em>Nous conseillons la Pure Strike Junior 25 aux joueurs d&#8217;environ 8-10 ans (1m25 &#8211; 1m40).<\/em><\/p>\n","protected":false},"excerpt":{"rendered":"<p>La raquette\u00a0Babolat Pure Strike Junior 25\u00a0est id\u00e9ale pour les jeunes joueurs qui aiment frapper fort dans la balle. Elle apportera plus de contr\u00f4le que la gamme Pure Drive et Pure Aero tout en restant une raquette orient\u00e9e sur la puissance. Son nouveau look plus punchy et inspir\u00e9 par la comp\u00e9tition va faire des ravages sur [&hellip;]<\/p>\n","protected":false},"featured_media":91177,"comment_status":"closed","ping_status":"closed","template":"","meta":[],"product_cat":[146],"product_tag":[],"_links":{"self":[{"href":"https:\/\/www.sport4club.be\/index.php\/wp-json\/wp\/v2\/product\/8432"}],"collection":[{"href":"https:\/\/www.sport4club.be\/index.php\/wp-json\/wp\/v2\/product"}],"about":[{"href":"https:\/\/www.sport4club.be\/index.php\/wp-json\/wp\/v2\/types\/product"}],"replies":[{"embeddable":true,"href":"https:\/\/www.sport4club.be\/index.php\/wp-json\/wp\/v2\/comments?post=8432"}],"wp:featuredmedia":[{"embeddable":true,"href":"https:\/\/www.sport4club.be\/index.php\/wp-json\/wp\/v2\/media\/91177"}],"wp:attachment":[{"href":"https:\/\/www.sport4club.be\/index.php\/wp-json\/wp\/v2\/media?parent=8432"}],"wp:term":[{"taxonomy":"product_cat","embeddable":true,"href":"https:\/\/www.sport4club.be\/index.php\/wp-json\/wp\/v2\/product_cat?post=8432"},{"taxonomy":"product_tag","embeddable":true,"href":"https:\/\/www.sport4club.be\/index.php\/wp-json\/wp\/v2\/product_tag?post=8432"}],"curies":[{"name":"wp","href":"https:\/\/api.w.org\/{rel}","templated":true}]}}