{"id":8426,"date":"2018-11-17T10:33:40","date_gmt":"2018-11-17T09:33:40","guid":{"rendered":"https:\/\/www.sport4club.be\/index.php\/product\/babolat-pure-drive-junior-26-250-gr\/"},"modified":"2022-08-15T10:41:02","modified_gmt":"2022-08-15T08:41:02","slug":"babolat-pure-drive-junior-26-250-gr","status":"publish","type":"product","link":"https:\/\/www.sport4club.be\/index.php\/product\/babolat-pure-drive-junior-26-250-gr\/","title":{"rendered":"Babolat PURE DRIVE JUNIOR 26 (250 GR)"},"content":{"rendered":"<p><em>Pour certains, elle est la d\u00e9finition m\u00eame de la puissance. Vous l\u2019appellerez sans doute \u00ab votre avantage d\u00e9loyal \u00bb. Nous, nous l\u2019appelons la Pure Drive.<\/em><\/p>\n<p><em>En\u00a01994, Babolat a lanc\u00e9 la raquette Pure\u00a0Drive, qui s\u2019est rapidement \u00e9tablie comme une r\u00e9f\u00e9rence de puissance. Avec tous les mod\u00e8les suivants, nous avons \u00e9volu\u00e9 et innov\u00e9 pour r\u00e9pondre aux exigences du jeu. Rien d\u2019\u00e9tonnant \u00e0 ce que la Pure\u00a0Drive soit l\u2019une des raquettes les plus populaires et polyvalentes du monde. La 10e g\u00e9n\u00e9ration de la raquette Pure\u00a0Drive fait franchir un cap \u00e0 votre jeu gr\u00e2ce \u00e0 une puissance explosive et de meilleures sensations.<\/em><\/p>\n<p><em>La raquette Pure\u00a0Drive\u00a0Junior\u00a026 est la raquette id\u00e9ale pour les joueurs de comp\u00e9tition junior aspirant \u00e0 faire \u00e9voluer leur jeu avec de la puissance et des sensations.<\/em><\/p>\n","protected":false},"excerpt":{"rendered":"<p>Pour certains, elle est la d\u00e9finition m\u00eame de la puissance. Vous l\u2019appellerez sans doute \u00ab votre avantage d\u00e9loyal \u00bb. Nous, nous l\u2019appelons la Pure Drive. En\u00a01994, Babolat a lanc\u00e9 la raquette Pure\u00a0Drive, qui s\u2019est rapidement \u00e9tablie comme une r\u00e9f\u00e9rence de puissance. Avec tous les mod\u00e8les suivants, nous avons \u00e9volu\u00e9 et innov\u00e9 pour r\u00e9pondre aux exigences [&hellip;]<\/p>\n","protected":false},"featured_media":105821,"comment_status":"closed","ping_status":"closed","template":"","meta":[],"product_cat":[146],"product_tag":[],"_links":{"self":[{"href":"https:\/\/www.sport4club.be\/index.php\/wp-json\/wp\/v2\/product\/8426"}],"collection":[{"href":"https:\/\/www.sport4club.be\/index.php\/wp-json\/wp\/v2\/product"}],"about":[{"href":"https:\/\/www.sport4club.be\/index.php\/wp-json\/wp\/v2\/types\/product"}],"replies":[{"embeddable":true,"href":"https:\/\/www.sport4club.be\/index.php\/wp-json\/wp\/v2\/comments?post=8426"}],"wp:featuredmedia":[{"embeddable":true,"href":"https:\/\/www.sport4club.be\/index.php\/wp-json\/wp\/v2\/media\/105821"}],"wp:attachment":[{"href":"https:\/\/www.sport4club.be\/index.php\/wp-json\/wp\/v2\/media?parent=8426"}],"wp:term":[{"taxonomy":"product_cat","embeddable":true,"href":"https:\/\/www.sport4club.be\/index.php\/wp-json\/wp\/v2\/product_cat?post=8426"},{"taxonomy":"product_tag","embeddable":true,"href":"https:\/\/www.sport4club.be\/index.php\/wp-json\/wp\/v2\/product_tag?post=8426"}],"curies":[{"name":"wp","href":"https:\/\/api.w.org\/{rel}","templated":true}]}}