{"id":8386,"date":"2018-11-17T10:33:27","date_gmt":"2018-11-17T09:33:27","guid":{"rendered":"https:\/\/www.sport4club.be\/index.php\/product\/babolat-pure-aero-2019-300-gr\/"},"modified":"2025-07-04T08:01:51","modified_gmt":"2025-07-04T06:01:51","slug":"babolat-pure-aero-2019-300-gr","status":"publish","type":"product","link":"https:\/\/www.sport4club.be\/index.php\/product\/babolat-pure-aero-2019-300-gr\/","title":{"rendered":"Babolat PURE AERO (300 GR)"},"content":{"rendered":"<p>Toujours \u00e0 la recherche de prise d\u2019effets pour d\u00e9placer votre adversaire et dominer le jeu ? La nouvelle gamme Pure Aero \u00e9volue encore avec une approche in\u00e9dite centr\u00e9e sur vous !<\/p>\n<p>BABOLAT a cr\u00e9\u00e9 cette 8\u00e8me g\u00e9n\u00e9ration de la machine \u00e0 effets en se basant sur l\u2019observation du jeu pour mieux r\u00e9pondre \u00e0 chaque profil de joueur dans sa qu\u00eate de spin ultime: Selon votre morphologie, le moment de prise de balle apr\u00e8s le rebond, et votre gestuelle, vous trouverez une r\u00e9ponse adapt\u00e9e \u00e0 votre besoin pour mieux r\u00e9v\u00e9ler le spin qui est en vous !<\/p>\n<p>A l\u2019instar de Rafael Nadal, Leylah Fernandez, F\u00e9lix Auger-Aliassime, ou Carlos Alcaraz, choisissez votre Pure Aero et rentrez dans l&#8217;ar\u00e8ne !<\/p>\n<p>Vous avez une frappe puissante et vous souhaitez diriger l&#8217;\u00e9change tout en ma\u00eetrisant vos trajectoires de balles ? Optez pour la Pure Aero !<\/p>\n","protected":false},"excerpt":{"rendered":"<p>Toujours \u00e0 la recherche de prise d\u2019effets pour d\u00e9placer votre adversaire et dominer le jeu ? La nouvelle gamme Pure Aero \u00e9volue encore avec une approche in\u00e9dite centr\u00e9e sur vous ! BABOLAT a cr\u00e9\u00e9 cette 8\u00e8me g\u00e9n\u00e9ration de la machine \u00e0 effets en se basant sur l\u2019observation du jeu pour mieux r\u00e9pondre \u00e0 chaque profil [&hellip;]<\/p>\n","protected":false},"featured_media":111371,"comment_status":"closed","ping_status":"closed","template":"","meta":[],"product_cat":[145],"product_tag":[],"_links":{"self":[{"href":"https:\/\/www.sport4club.be\/index.php\/wp-json\/wp\/v2\/product\/8386"}],"collection":[{"href":"https:\/\/www.sport4club.be\/index.php\/wp-json\/wp\/v2\/product"}],"about":[{"href":"https:\/\/www.sport4club.be\/index.php\/wp-json\/wp\/v2\/types\/product"}],"replies":[{"embeddable":true,"href":"https:\/\/www.sport4club.be\/index.php\/wp-json\/wp\/v2\/comments?post=8386"}],"wp:featuredmedia":[{"embeddable":true,"href":"https:\/\/www.sport4club.be\/index.php\/wp-json\/wp\/v2\/media\/111371"}],"wp:attachment":[{"href":"https:\/\/www.sport4club.be\/index.php\/wp-json\/wp\/v2\/media?parent=8386"}],"wp:term":[{"taxonomy":"product_cat","embeddable":true,"href":"https:\/\/www.sport4club.be\/index.php\/wp-json\/wp\/v2\/product_cat?post=8386"},{"taxonomy":"product_tag","embeddable":true,"href":"https:\/\/www.sport4club.be\/index.php\/wp-json\/wp\/v2\/product_tag?post=8386"}],"curies":[{"name":"wp","href":"https:\/\/api.w.org\/{rel}","templated":true}]}}