{"id":5999,"date":"2018-11-16T11:50:39","date_gmt":"2018-11-16T10:50:39","guid":{"rendered":"https:\/\/www.sport4club.be\/index.php\/product\/carton-24-tubes-de-3-balles-pro-titanium\/"},"modified":"2024-12-12T10:52:34","modified_gmt":"2024-12-12T09:52:34","slug":"carton-24-tubes-de-3-balles-pro-titanium","status":"publish","type":"product","link":"https:\/\/www.sport4club.be\/index.php\/product\/carton-24-tubes-de-3-balles-pro-titanium\/","title":{"rendered":"NOX Pro Titanium 24x3balles"},"content":{"rendered":"<p>Balles de qualit\u00e9 professionnelle. Pressuris\u00e9es, haute \u00e9lasticit\u00e9 et stabilit\u00e9 de la pression.<br \/>\nSp\u00e9cialement indiqu\u00e9es pour les courts de padel.<\/p>\n<p>Nos balles pr\u00e9sentent une durabilit\u00e9 et une rapidit\u00e9 in\u00e9galables pour profiter encore plus du jeu.<\/p>\n","protected":false},"excerpt":{"rendered":"<p>Balles de qualit\u00e9 professionnelle. Pressuris\u00e9es, haute \u00e9lasticit\u00e9 et stabilit\u00e9 de la pression. Sp\u00e9cialement indiqu\u00e9es pour les courts de padel. Nos balles pr\u00e9sentent une durabilit\u00e9 et une rapidit\u00e9 in\u00e9galables pour profiter encore plus du jeu.<\/p>\n","protected":false},"featured_media":6000,"comment_status":"open","ping_status":"closed","template":"","meta":[],"product_cat":[88],"product_tag":[],"_links":{"self":[{"href":"https:\/\/www.sport4club.be\/index.php\/wp-json\/wp\/v2\/product\/5999"}],"collection":[{"href":"https:\/\/www.sport4club.be\/index.php\/wp-json\/wp\/v2\/product"}],"about":[{"href":"https:\/\/www.sport4club.be\/index.php\/wp-json\/wp\/v2\/types\/product"}],"replies":[{"embeddable":true,"href":"https:\/\/www.sport4club.be\/index.php\/wp-json\/wp\/v2\/comments?post=5999"}],"wp:featuredmedia":[{"embeddable":true,"href":"https:\/\/www.sport4club.be\/index.php\/wp-json\/wp\/v2\/media\/6000"}],"wp:attachment":[{"href":"https:\/\/www.sport4club.be\/index.php\/wp-json\/wp\/v2\/media?parent=5999"}],"wp:term":[{"taxonomy":"product_cat","embeddable":true,"href":"https:\/\/www.sport4club.be\/index.php\/wp-json\/wp\/v2\/product_cat?post=5999"},{"taxonomy":"product_tag","embeddable":true,"href":"https:\/\/www.sport4club.be\/index.php\/wp-json\/wp\/v2\/product_tag?post=5999"}],"curies":[{"name":"wp","href":"https:\/\/api.w.org\/{rel}","templated":true}]}}