{"id":5995,"date":"2018-11-16T11:50:36","date_gmt":"2018-11-16T10:50:36","guid":{"rendered":"https:\/\/www.sport4club.be\/index.php\/product\/panier-pliable-avec-roulettes-pour-cours-de-padel\/"},"modified":"2024-12-07T08:43:23","modified_gmt":"2024-12-07T07:43:23","slug":"panier-pliable-avec-roulettes-pour-cours-de-padel","status":"publish","type":"product","link":"https:\/\/www.sport4club.be\/index.php\/product\/panier-pliable-avec-roulettes-pour-cours-de-padel\/","title":{"rendered":"NOX Panier pliable avec roulettes"},"content":{"rendered":"<p>Panier \u00e0 balles pliable, avec roues, id\u00e9al pour les joueurs de padel ou les moniteurs et \/ ou sports de raquette.<\/p>\n<p>Il peut \u00eatre s\u00e9par\u00e9 en deux parties:<br \/>\nPanier et chariot.<\/p>\n<p>Le sac est inclus.<\/p>\n<p>Capacit\u00e9 de plus de 100 balles.<\/p>\n","protected":false},"excerpt":{"rendered":"<p>Panier \u00e0 balles pliable, avec roues, id\u00e9al pour les joueurs de padel ou les moniteurs et \/ ou sports de raquette. Il peut \u00eatre s\u00e9par\u00e9 en deux parties: Panier et chariot. Le sac est inclus. Capacit\u00e9 de plus de 100 balles.<\/p>\n","protected":false},"featured_media":5996,"comment_status":"open","ping_status":"closed","template":"","meta":[],"product_cat":[87],"product_tag":[],"_links":{"self":[{"href":"https:\/\/www.sport4club.be\/index.php\/wp-json\/wp\/v2\/product\/5995"}],"collection":[{"href":"https:\/\/www.sport4club.be\/index.php\/wp-json\/wp\/v2\/product"}],"about":[{"href":"https:\/\/www.sport4club.be\/index.php\/wp-json\/wp\/v2\/types\/product"}],"replies":[{"embeddable":true,"href":"https:\/\/www.sport4club.be\/index.php\/wp-json\/wp\/v2\/comments?post=5995"}],"wp:featuredmedia":[{"embeddable":true,"href":"https:\/\/www.sport4club.be\/index.php\/wp-json\/wp\/v2\/media\/5996"}],"wp:attachment":[{"href":"https:\/\/www.sport4club.be\/index.php\/wp-json\/wp\/v2\/media?parent=5995"}],"wp:term":[{"taxonomy":"product_cat","embeddable":true,"href":"https:\/\/www.sport4club.be\/index.php\/wp-json\/wp\/v2\/product_cat?post=5995"},{"taxonomy":"product_tag","embeddable":true,"href":"https:\/\/www.sport4club.be\/index.php\/wp-json\/wp\/v2\/product_tag?post=5995"}],"curies":[{"name":"wp","href":"https:\/\/api.w.org\/{rel}","templated":true}]}}