{"id":5987,"date":"2018-11-16T11:50:27","date_gmt":"2018-11-16T10:50:27","guid":{"rendered":"https:\/\/www.sport4club.be\/index.php\/product\/protection-de-cadre-transparent-avec-relief\/"},"modified":"2024-10-11T08:20:26","modified_gmt":"2024-10-11T06:20:26","slug":"protection-de-cadre-transparent-avec-relief","status":"publish","type":"product","link":"https:\/\/www.sport4club.be\/index.php\/product\/protection-de-cadre-transparent-avec-relief\/","title":{"rendered":"NOX Protection transparente"},"content":{"rendered":"<p>Prot\u00e9gez votre raquette de padel des chocs et des rayures et pr\u00e9servez son apparence.<\/p>\n<p>Blister de 1 protection de cadre transparente en relief et bande adh\u00e9sive 3M pour un maintien parfait pendant le jeu.<\/p>\n<p>&nbsp;<\/p>\n<p>&nbsp;<\/p>\n<p>&nbsp;<\/p>\n","protected":false},"excerpt":{"rendered":"<p>Prot\u00e9gez votre raquette de padel des chocs et des rayures et pr\u00e9servez son apparence. Blister de 1 protection de cadre transparente en relief et bande adh\u00e9sive 3M pour un maintien parfait pendant le jeu. &nbsp; &nbsp; &nbsp;<\/p>\n","protected":false},"featured_media":5988,"comment_status":"open","ping_status":"closed","template":"","meta":[],"product_cat":[87],"product_tag":[],"_links":{"self":[{"href":"https:\/\/www.sport4club.be\/index.php\/wp-json\/wp\/v2\/product\/5987"}],"collection":[{"href":"https:\/\/www.sport4club.be\/index.php\/wp-json\/wp\/v2\/product"}],"about":[{"href":"https:\/\/www.sport4club.be\/index.php\/wp-json\/wp\/v2\/types\/product"}],"replies":[{"embeddable":true,"href":"https:\/\/www.sport4club.be\/index.php\/wp-json\/wp\/v2\/comments?post=5987"}],"wp:featuredmedia":[{"embeddable":true,"href":"https:\/\/www.sport4club.be\/index.php\/wp-json\/wp\/v2\/media\/5988"}],"wp:attachment":[{"href":"https:\/\/www.sport4club.be\/index.php\/wp-json\/wp\/v2\/media?parent=5987"}],"wp:term":[{"taxonomy":"product_cat","embeddable":true,"href":"https:\/\/www.sport4club.be\/index.php\/wp-json\/wp\/v2\/product_cat?post=5987"},{"taxonomy":"product_tag","embeddable":true,"href":"https:\/\/www.sport4club.be\/index.php\/wp-json\/wp\/v2\/product_tag?post=5987"}],"curies":[{"name":"wp","href":"https:\/\/api.w.org\/{rel}","templated":true}]}}