{"id":5953,"date":"2018-11-16T11:49:53","date_gmt":"2018-11-16T10:49:53","guid":{"rendered":"https:\/\/www.sport4club.be\/index.php\/product\/overrips-pro-blancs-3-pces\/"},"modified":"2024-12-07T08:52:34","modified_gmt":"2024-12-07T07:52:34","slug":"overrips-pro-blancs-3-pces","status":"publish","type":"product","link":"https:\/\/www.sport4club.be\/index.php\/product\/overrips-pro-blancs-3-pces\/","title":{"rendered":"NOX Overgrips PRO White x3pces"},"content":{"rendered":"<p><em>3 Surgrips blancs pour padel de qualit\u00e9 professionnelle.<\/em><\/p>\n<p><em>La meilleure adh\u00e9rence et l&#8217;\u00e9lasticit\u00e9 pour assurer un maximum de confort et r\u00e9duire les blessures et l&#8217;inconfort dans le coude en raison des vibrations.<\/em><\/p>\n","protected":false},"excerpt":{"rendered":"<p>3 Surgrips blancs pour padel de qualit\u00e9 professionnelle. La meilleure adh\u00e9rence et l&#8217;\u00e9lasticit\u00e9 pour assurer un maximum de confort et r\u00e9duire les blessures et l&#8217;inconfort dans le coude en raison des vibrations.<\/p>\n","protected":false},"featured_media":5954,"comment_status":"open","ping_status":"closed","template":"","meta":[],"product_cat":[87],"product_tag":[],"_links":{"self":[{"href":"https:\/\/www.sport4club.be\/index.php\/wp-json\/wp\/v2\/product\/5953"}],"collection":[{"href":"https:\/\/www.sport4club.be\/index.php\/wp-json\/wp\/v2\/product"}],"about":[{"href":"https:\/\/www.sport4club.be\/index.php\/wp-json\/wp\/v2\/types\/product"}],"replies":[{"embeddable":true,"href":"https:\/\/www.sport4club.be\/index.php\/wp-json\/wp\/v2\/comments?post=5953"}],"wp:featuredmedia":[{"embeddable":true,"href":"https:\/\/www.sport4club.be\/index.php\/wp-json\/wp\/v2\/media\/5954"}],"wp:attachment":[{"href":"https:\/\/www.sport4club.be\/index.php\/wp-json\/wp\/v2\/media?parent=5953"}],"wp:term":[{"taxonomy":"product_cat","embeddable":true,"href":"https:\/\/www.sport4club.be\/index.php\/wp-json\/wp\/v2\/product_cat?post=5953"},{"taxonomy":"product_tag","embeddable":true,"href":"https:\/\/www.sport4club.be\/index.php\/wp-json\/wp\/v2\/product_tag?post=5953"}],"curies":[{"name":"wp","href":"https:\/\/api.w.org\/{rel}","templated":true}]}}