{"id":5951,"date":"2018-11-16T11:49:52","date_gmt":"2018-11-16T10:49:52","guid":{"rendered":"https:\/\/www.sport4club.be\/index.php\/product\/overgrips-pro-couleurs-3-pces\/"},"modified":"2025-12-15T13:57:46","modified_gmt":"2025-12-15T12:57:46","slug":"overgrips-pro-couleurs-3-pces","status":"publish","type":"product","link":"https:\/\/www.sport4club.be\/index.php\/product\/overgrips-pro-couleurs-3-pces\/","title":{"rendered":"NOX Overgrips PRO Color x3pces"},"content":{"rendered":"<p><em>3 Surgrips pour padel de qualit\u00e9 professionnelle, en orange, jaune et noir.<\/em><\/p>\n<p><em>La meilleure adh\u00e9rence et l&#8217;\u00e9lasticit\u00e9 pour assurer un maximum de confort et r\u00e9duire les blessures et l&#8217;inconfort dans le coude en raison des vibrations.<\/em><\/p>\n<p>&nbsp;<\/p>\n","protected":false},"excerpt":{"rendered":"<p>3 Surgrips pour padel de qualit\u00e9 professionnelle, en orange, jaune et noir. La meilleure adh\u00e9rence et l&#8217;\u00e9lasticit\u00e9 pour assurer un maximum de confort et r\u00e9duire les blessures et l&#8217;inconfort dans le coude en raison des vibrations. &nbsp;<\/p>\n","protected":false},"featured_media":108453,"comment_status":"open","ping_status":"closed","template":"","meta":[],"product_cat":[87],"product_tag":[],"_links":{"self":[{"href":"https:\/\/www.sport4club.be\/index.php\/wp-json\/wp\/v2\/product\/5951"}],"collection":[{"href":"https:\/\/www.sport4club.be\/index.php\/wp-json\/wp\/v2\/product"}],"about":[{"href":"https:\/\/www.sport4club.be\/index.php\/wp-json\/wp\/v2\/types\/product"}],"replies":[{"embeddable":true,"href":"https:\/\/www.sport4club.be\/index.php\/wp-json\/wp\/v2\/comments?post=5951"}],"wp:featuredmedia":[{"embeddable":true,"href":"https:\/\/www.sport4club.be\/index.php\/wp-json\/wp\/v2\/media\/108453"}],"wp:attachment":[{"href":"https:\/\/www.sport4club.be\/index.php\/wp-json\/wp\/v2\/media?parent=5951"}],"wp:term":[{"taxonomy":"product_cat","embeddable":true,"href":"https:\/\/www.sport4club.be\/index.php\/wp-json\/wp\/v2\/product_cat?post=5951"},{"taxonomy":"product_tag","embeddable":true,"href":"https:\/\/www.sport4club.be\/index.php\/wp-json\/wp\/v2\/product_tag?post=5951"}],"curies":[{"name":"wp","href":"https:\/\/api.w.org\/{rel}","templated":true}]}}