{"id":5816,"date":"2018-11-16T11:39:17","date_gmt":"2018-11-16T10:39:17","guid":{"rendered":"https:\/\/www.sport4club.be\/index.php\/product\/babolat-protecpro-x15\/"},"modified":"2022-01-09T16:01:34","modified_gmt":"2022-01-09T15:01:34","slug":"babolat-protecpro-x15","status":"publish","type":"product","link":"https:\/\/www.sport4club.be\/index.php\/product\/babolat-protecpro-x15\/","title":{"rendered":"Babolat PROTECPRO x15"},"content":{"rendered":"<h4 class=\"fs16 none fbold color3\"><em>PROTECTION ADH\u00c9SIVE DE T\u00caTE DE RAQUETTE<\/em><\/h4>\n<div class=\"grid_12 omega\"><em>Protecteur de t\u00eate de raquette (adh\u00e9sif haute r\u00e9sistance) de 33mm.<\/em><\/div>\n","protected":false},"excerpt":{"rendered":"<p>PROTECTION ADH\u00c9SIVE DE T\u00caTE DE RAQUETTE Protecteur de t\u00eate de raquette (adh\u00e9sif haute r\u00e9sistance) de 33mm.<\/p>\n","protected":false},"featured_media":5817,"comment_status":"open","ping_status":"closed","template":"","meta":[],"product_cat":[87],"product_tag":[],"_links":{"self":[{"href":"https:\/\/www.sport4club.be\/index.php\/wp-json\/wp\/v2\/product\/5816"}],"collection":[{"href":"https:\/\/www.sport4club.be\/index.php\/wp-json\/wp\/v2\/product"}],"about":[{"href":"https:\/\/www.sport4club.be\/index.php\/wp-json\/wp\/v2\/types\/product"}],"replies":[{"embeddable":true,"href":"https:\/\/www.sport4club.be\/index.php\/wp-json\/wp\/v2\/comments?post=5816"}],"wp:featuredmedia":[{"embeddable":true,"href":"https:\/\/www.sport4club.be\/index.php\/wp-json\/wp\/v2\/media\/5817"}],"wp:attachment":[{"href":"https:\/\/www.sport4club.be\/index.php\/wp-json\/wp\/v2\/media?parent=5816"}],"wp:term":[{"taxonomy":"product_cat","embeddable":true,"href":"https:\/\/www.sport4club.be\/index.php\/wp-json\/wp\/v2\/product_cat?post=5816"},{"taxonomy":"product_tag","embeddable":true,"href":"https:\/\/www.sport4club.be\/index.php\/wp-json\/wp\/v2\/product_tag?post=5816"}],"curies":[{"name":"wp","href":"https:\/\/api.w.org\/{rel}","templated":true}]}}