{"id":5800,"date":"2018-11-16T11:39:14","date_gmt":"2018-11-16T10:39:14","guid":{"rendered":"https:\/\/www.sport4club.be\/index.php\/product\/babolat-fit-padel-woman-bag\/"},"modified":"2025-01-23T08:21:24","modified_gmt":"2025-01-23T07:21:24","slug":"babolat-fit-padel-woman-bag","status":"publish","type":"product","link":"https:\/\/www.sport4club.be\/index.php\/product\/babolat-fit-padel-woman-bag\/","title":{"rendered":"Babolat FIT PADEL WOMAN"},"content":{"rendered":"<p>Ce sac multisport id\u00e9al r\u00e9pondra aux attentes des joueuses de padel qui fr\u00e9quentent aussi les salles de fitness. Il comporte notamment une poche pour raquette \u00e0 fermeture magn\u00e9tique. Il peut se porter \u00e0 l&#8217;\u00e9paule ou \u00e0 la main. La raquette est prot\u00e9g\u00e9e dans un compartiment d\u00e9di\u00e9.<\/p>\n<p>Et parce que nous voulons vous proposer ce qui se fait de mieux, ce sac est \u00e9quip\u00e9 de notre nouvelle doublure \u00ab\u00a0sans couleur\u00a0\u00bb, en PET 100\u00a0% recycl\u00e9. Nous ne gaspillons plus d\u2019eau pour teindre nos doublures. L\u2019int\u00e9rieur de votre sac est donc compl\u00e8tement blanc, ce qui vous permet de mieux organiser son contenu et d\u2019y trouver ce que vous cherchez encore plus facilement.<\/p>\n<p><em>Capacit\u00e9 : 36,5 L<\/em><\/p>\n<p><em>Dimensions : 35x58x18cm<\/em><\/p>\n","protected":false},"excerpt":{"rendered":"<p>Ce sac multisport id\u00e9al r\u00e9pondra aux attentes des joueuses de padel qui fr\u00e9quentent aussi les salles de fitness. Il comporte notamment une poche pour raquette \u00e0 fermeture magn\u00e9tique. Il peut se porter \u00e0 l&#8217;\u00e9paule ou \u00e0 la main. La raquette est prot\u00e9g\u00e9e dans un compartiment d\u00e9di\u00e9. Et parce que nous voulons vous proposer ce qui [&hellip;]<\/p>\n","protected":false},"featured_media":105936,"comment_status":"open","ping_status":"closed","template":"","meta":[],"product_cat":[89],"product_tag":[],"_links":{"self":[{"href":"https:\/\/www.sport4club.be\/index.php\/wp-json\/wp\/v2\/product\/5800"}],"collection":[{"href":"https:\/\/www.sport4club.be\/index.php\/wp-json\/wp\/v2\/product"}],"about":[{"href":"https:\/\/www.sport4club.be\/index.php\/wp-json\/wp\/v2\/types\/product"}],"replies":[{"embeddable":true,"href":"https:\/\/www.sport4club.be\/index.php\/wp-json\/wp\/v2\/comments?post=5800"}],"wp:featuredmedia":[{"embeddable":true,"href":"https:\/\/www.sport4club.be\/index.php\/wp-json\/wp\/v2\/media\/105936"}],"wp:attachment":[{"href":"https:\/\/www.sport4club.be\/index.php\/wp-json\/wp\/v2\/media?parent=5800"}],"wp:term":[{"taxonomy":"product_cat","embeddable":true,"href":"https:\/\/www.sport4club.be\/index.php\/wp-json\/wp\/v2\/product_cat?post=5800"},{"taxonomy":"product_tag","embeddable":true,"href":"https:\/\/www.sport4club.be\/index.php\/wp-json\/wp\/v2\/product_tag?post=5800"}],"curies":[{"name":"wp","href":"https:\/\/api.w.org\/{rel}","templated":true}]}}