{"id":5725,"date":"2018-11-16T11:39:00","date_gmt":"2018-11-16T10:39:00","guid":{"rendered":"https:\/\/www.sport4club.be\/index.php\/product\/wilson-pro-overgrips-x60\/"},"modified":"2024-08-14T10:32:21","modified_gmt":"2024-08-14T08:32:21","slug":"wilson-pro-overgrips-x60","status":"publish","type":"product","link":"https:\/\/www.sport4club.be\/index.php\/product\/wilson-pro-overgrips-x60\/","title":{"rendered":"Wilson Overgrips PRO Comfort White x60pces"},"content":{"rendered":"<p><em>Le surgrip <strong>Wilson Pro Overgrip<\/strong>\u00a0poss\u00e9de un effet tr\u00e8s collant, r\u00e9sistant et confortable.<\/em><\/p>\n<p><em>Le pro overgrip propose un toucher incroyable, pr\u00e9f\u00e9r\u00e9 par les joueurs du Tour.<\/em><\/p>\n<p><em>Le surgrip Wilson Pro Overgrip est utilis\u00e9 par les meilleurs joueurs au monde comme Roger Federer et les soeurs Williams.<\/em><\/p>\n","protected":false},"excerpt":{"rendered":"<p>Le surgrip Wilson Pro Overgrip\u00a0poss\u00e9de un effet tr\u00e8s collant, r\u00e9sistant et confortable. Le pro overgrip propose un toucher incroyable, pr\u00e9f\u00e9r\u00e9 par les joueurs du Tour. Le surgrip Wilson Pro Overgrip est utilis\u00e9 par les meilleurs joueurs au monde comme Roger Federer et les soeurs Williams.<\/p>\n","protected":false},"featured_media":107435,"comment_status":"open","ping_status":"closed","template":"","meta":[],"product_cat":[120],"product_tag":[],"_links":{"self":[{"href":"https:\/\/www.sport4club.be\/index.php\/wp-json\/wp\/v2\/product\/5725"}],"collection":[{"href":"https:\/\/www.sport4club.be\/index.php\/wp-json\/wp\/v2\/product"}],"about":[{"href":"https:\/\/www.sport4club.be\/index.php\/wp-json\/wp\/v2\/types\/product"}],"replies":[{"embeddable":true,"href":"https:\/\/www.sport4club.be\/index.php\/wp-json\/wp\/v2\/comments?post=5725"}],"wp:featuredmedia":[{"embeddable":true,"href":"https:\/\/www.sport4club.be\/index.php\/wp-json\/wp\/v2\/media\/107435"}],"wp:attachment":[{"href":"https:\/\/www.sport4club.be\/index.php\/wp-json\/wp\/v2\/media?parent=5725"}],"wp:term":[{"taxonomy":"product_cat","embeddable":true,"href":"https:\/\/www.sport4club.be\/index.php\/wp-json\/wp\/v2\/product_cat?post=5725"},{"taxonomy":"product_tag","embeddable":true,"href":"https:\/\/www.sport4club.be\/index.php\/wp-json\/wp\/v2\/product_tag?post=5725"}],"curies":[{"name":"wp","href":"https:\/\/api.w.org\/{rel}","templated":true}]}}