{"id":5723,"date":"2018-11-16T11:39:00","date_gmt":"2018-11-16T10:39:00","guid":{"rendered":"https:\/\/www.sport4club.be\/index.php\/product\/wilson-pro-overgrips-x12\/"},"modified":"2024-08-14T10:31:36","modified_gmt":"2024-08-14T08:31:36","slug":"wilson-pro-overgrips-x12","status":"publish","type":"product","link":"https:\/\/www.sport4club.be\/index.php\/product\/wilson-pro-overgrips-x12\/","title":{"rendered":"Wilson Overgrips PRO COMFORT WHITE x12pces"},"content":{"rendered":"<p><em>Surgrips poss\u00e9dant un effet tr\u00e8s collant, r\u00e9sistant et confortable.<\/em><\/p>\n<p><em>Le toucher pr\u00e9f\u00e9r\u00e9 par les joueurs du Tour.<\/em><\/p>\n<p><em>Utilis\u00e9 par les meilleurs joueurs au monde &#8211; Roger Federer et les soeurs Williams.<\/em><\/p>\n","protected":false},"excerpt":{"rendered":"<p>Surgrips poss\u00e9dant un effet tr\u00e8s collant, r\u00e9sistant et confortable. Le toucher pr\u00e9f\u00e9r\u00e9 par les joueurs du Tour. Utilis\u00e9 par les meilleurs joueurs au monde &#8211; Roger Federer et les soeurs Williams.<\/p>\n","protected":false},"featured_media":5724,"comment_status":"open","ping_status":"closed","template":"","meta":[],"product_cat":[120],"product_tag":[],"_links":{"self":[{"href":"https:\/\/www.sport4club.be\/index.php\/wp-json\/wp\/v2\/product\/5723"}],"collection":[{"href":"https:\/\/www.sport4club.be\/index.php\/wp-json\/wp\/v2\/product"}],"about":[{"href":"https:\/\/www.sport4club.be\/index.php\/wp-json\/wp\/v2\/types\/product"}],"replies":[{"embeddable":true,"href":"https:\/\/www.sport4club.be\/index.php\/wp-json\/wp\/v2\/comments?post=5723"}],"wp:featuredmedia":[{"embeddable":true,"href":"https:\/\/www.sport4club.be\/index.php\/wp-json\/wp\/v2\/media\/5724"}],"wp:attachment":[{"href":"https:\/\/www.sport4club.be\/index.php\/wp-json\/wp\/v2\/media?parent=5723"}],"wp:term":[{"taxonomy":"product_cat","embeddable":true,"href":"https:\/\/www.sport4club.be\/index.php\/wp-json\/wp\/v2\/product_cat?post=5723"},{"taxonomy":"product_tag","embeddable":true,"href":"https:\/\/www.sport4club.be\/index.php\/wp-json\/wp\/v2\/product_tag?post=5723"}],"curies":[{"name":"wp","href":"https:\/\/api.w.org\/{rel}","templated":true}]}}