{"id":5717,"date":"2018-11-16T11:39:00","date_gmt":"2018-11-16T10:39:00","guid":{"rendered":"https:\/\/www.sport4club.be\/index.php\/product\/wilson-pro-overgrips-sensation-x12\/"},"modified":"2024-08-14T10:24:18","modified_gmt":"2024-08-14T08:24:18","slug":"wilson-pro-overgrips-sensation-x12","status":"publish","type":"product","link":"https:\/\/www.sport4club.be\/index.php\/product\/wilson-pro-overgrips-sensation-x12\/","title":{"rendered":"Wilson Overgrips PRO SENSATION Feel WHITE x12pces"},"content":{"rendered":"<p><em>Version affin\u00e9e du Wilson Pro Overgrip pour une sensation de toucher am\u00e9lior\u00e9e. Ils sont 25% que les classiques.<\/em><\/p>\n<p><em>Les surgrips Wilson Pro Overgrip Sensation\u00a0poss\u00e9dent un effet tr\u00e8s collant, sont r\u00e9sistants et confortables.<\/em><\/p>\n<p><em>Pack de 12 surgrips blancs<\/em><\/p>\n","protected":false},"excerpt":{"rendered":"<p>Version affin\u00e9e du Wilson Pro Overgrip pour une sensation de toucher am\u00e9lior\u00e9e. Ils sont 25% que les classiques. Les surgrips Wilson Pro Overgrip Sensation\u00a0poss\u00e9dent un effet tr\u00e8s collant, sont r\u00e9sistants et confortables. Pack de 12 surgrips blancs<\/p>\n","protected":false},"featured_media":5718,"comment_status":"open","ping_status":"closed","template":"","meta":[],"product_cat":[120],"product_tag":[],"_links":{"self":[{"href":"https:\/\/www.sport4club.be\/index.php\/wp-json\/wp\/v2\/product\/5717"}],"collection":[{"href":"https:\/\/www.sport4club.be\/index.php\/wp-json\/wp\/v2\/product"}],"about":[{"href":"https:\/\/www.sport4club.be\/index.php\/wp-json\/wp\/v2\/types\/product"}],"replies":[{"embeddable":true,"href":"https:\/\/www.sport4club.be\/index.php\/wp-json\/wp\/v2\/comments?post=5717"}],"wp:featuredmedia":[{"embeddable":true,"href":"https:\/\/www.sport4club.be\/index.php\/wp-json\/wp\/v2\/media\/5718"}],"wp:attachment":[{"href":"https:\/\/www.sport4club.be\/index.php\/wp-json\/wp\/v2\/media?parent=5717"}],"wp:term":[{"taxonomy":"product_cat","embeddable":true,"href":"https:\/\/www.sport4club.be\/index.php\/wp-json\/wp\/v2\/product_cat?post=5717"},{"taxonomy":"product_tag","embeddable":true,"href":"https:\/\/www.sport4club.be\/index.php\/wp-json\/wp\/v2\/product_tag?post=5717"}],"curies":[{"name":"wp","href":"https:\/\/api.w.org\/{rel}","templated":true}]}}