{"id":5715,"date":"2018-11-16T11:38:57","date_gmt":"2018-11-16T10:38:57","guid":{"rendered":"https:\/\/www.sport4club.be\/index.php\/product\/wilson-pro-overgrips-sensation-x3\/"},"modified":"2024-08-14T10:26:15","modified_gmt":"2024-08-14T08:26:15","slug":"wilson-pro-overgrips-sensation-x3","status":"publish","type":"product","link":"https:\/\/www.sport4club.be\/index.php\/product\/wilson-pro-overgrips-sensation-x3\/","title":{"rendered":"Wilson overgrips PRO SENSATION Feel BLACK x3pces"},"content":{"rendered":"<p><em>Version affin\u00e9e du Wilson Pro Overgrip pour une sensation de toucher am\u00e9lior\u00e9e.<\/em><\/p>\n<p><em>Surgrips poss\u00e9dant un effet tr\u00e8s collant, r\u00e9sistant et confortable.<\/em><\/p>\n","protected":false},"excerpt":{"rendered":"<p>Version affin\u00e9e du Wilson Pro Overgrip pour une sensation de toucher am\u00e9lior\u00e9e. Surgrips poss\u00e9dant un effet tr\u00e8s collant, r\u00e9sistant et confortable.<\/p>\n","protected":false},"featured_media":5716,"comment_status":"open","ping_status":"closed","template":"","meta":[],"product_cat":[120],"product_tag":[],"_links":{"self":[{"href":"https:\/\/www.sport4club.be\/index.php\/wp-json\/wp\/v2\/product\/5715"}],"collection":[{"href":"https:\/\/www.sport4club.be\/index.php\/wp-json\/wp\/v2\/product"}],"about":[{"href":"https:\/\/www.sport4club.be\/index.php\/wp-json\/wp\/v2\/types\/product"}],"replies":[{"embeddable":true,"href":"https:\/\/www.sport4club.be\/index.php\/wp-json\/wp\/v2\/comments?post=5715"}],"wp:featuredmedia":[{"embeddable":true,"href":"https:\/\/www.sport4club.be\/index.php\/wp-json\/wp\/v2\/media\/5716"}],"wp:attachment":[{"href":"https:\/\/www.sport4club.be\/index.php\/wp-json\/wp\/v2\/media?parent=5715"}],"wp:term":[{"taxonomy":"product_cat","embeddable":true,"href":"https:\/\/www.sport4club.be\/index.php\/wp-json\/wp\/v2\/product_cat?post=5715"},{"taxonomy":"product_tag","embeddable":true,"href":"https:\/\/www.sport4club.be\/index.php\/wp-json\/wp\/v2\/product_tag?post=5715"}],"curies":[{"name":"wp","href":"https:\/\/api.w.org\/{rel}","templated":true}]}}