{"id":5705,"date":"2018-11-16T11:38:55","date_gmt":"2018-11-16T10:38:55","guid":{"rendered":"https:\/\/www.sport4club.be\/index.php\/product\/wilson-cushion-aire-classic-perforated-grip\/"},"modified":"2023-02-23T12:19:08","modified_gmt":"2023-02-23T11:19:08","slug":"wilson-cushion-aire-classic-perforated-grip","status":"publish","type":"product","link":"https:\/\/www.sport4club.be\/index.php\/product\/wilson-cushion-aire-classic-perforated-grip\/","title":{"rendered":"Wilson Grip CUSHION-AIRE CLASSIC PERFORATED"},"content":{"rendered":"<p><em>Le grip Wilson Cushion-Aire Classic Perforated est un des grands classiques des grips Wilson. <\/em><\/p>\n<p><em>Il poss\u00e8de une tr\u00e8s grande capacit\u00e9 d\u2019absorption de la transpiration gr\u00e2ce notamment aux perforations pr\u00e9sentes sur le grip. <\/em><\/p>\n<p><em>Convient \u00e0 un large \u00e9ventail de joueurs.\u00a0<\/em><\/p>\n","protected":false},"excerpt":{"rendered":"<p>Le grip Wilson Cushion-Aire Classic Perforated est un des grands classiques des grips Wilson. Il poss\u00e8de une tr\u00e8s grande capacit\u00e9 d\u2019absorption de la transpiration gr\u00e2ce notamment aux perforations pr\u00e9sentes sur le grip. Convient \u00e0 un large \u00e9ventail de joueurs.\u00a0<\/p>\n","protected":false},"featured_media":5706,"comment_status":"open","ping_status":"closed","template":"","meta":[],"product_cat":[120],"product_tag":[],"_links":{"self":[{"href":"https:\/\/www.sport4club.be\/index.php\/wp-json\/wp\/v2\/product\/5705"}],"collection":[{"href":"https:\/\/www.sport4club.be\/index.php\/wp-json\/wp\/v2\/product"}],"about":[{"href":"https:\/\/www.sport4club.be\/index.php\/wp-json\/wp\/v2\/types\/product"}],"replies":[{"embeddable":true,"href":"https:\/\/www.sport4club.be\/index.php\/wp-json\/wp\/v2\/comments?post=5705"}],"wp:featuredmedia":[{"embeddable":true,"href":"https:\/\/www.sport4club.be\/index.php\/wp-json\/wp\/v2\/media\/5706"}],"wp:attachment":[{"href":"https:\/\/www.sport4club.be\/index.php\/wp-json\/wp\/v2\/media?parent=5705"}],"wp:term":[{"taxonomy":"product_cat","embeddable":true,"href":"https:\/\/www.sport4club.be\/index.php\/wp-json\/wp\/v2\/product_cat?post=5705"},{"taxonomy":"product_tag","embeddable":true,"href":"https:\/\/www.sport4club.be\/index.php\/wp-json\/wp\/v2\/product_tag?post=5705"}],"curies":[{"name":"wp","href":"https:\/\/api.w.org\/{rel}","templated":true}]}}