{"id":5701,"date":"2018-11-16T11:38:55","date_gmt":"2018-11-16T10:38:55","guid":{"rendered":"https:\/\/www.sport4club.be\/index.php\/product\/wilson-featherthin-grip\/"},"modified":"2024-08-14T10:38:14","modified_gmt":"2024-08-14T08:38:14","slug":"wilson-featherthin-grip","status":"publish","type":"product","link":"https:\/\/www.sport4club.be\/index.php\/product\/wilson-featherthin-grip\/","title":{"rendered":"Wilson Grip FEATHERTHIN Feel BLACK"},"content":{"rendered":"<p><em>Optez pour la l\u00e9g\u00e8ret\u00e9 et la finesse avec ce grip de remplacement Wilson Featherthin noir. Avec lui, vous \u00eates au plus proche du manche pour un toucher incomparable !<\/em><\/p>\n","protected":false},"excerpt":{"rendered":"<p>Optez pour la l\u00e9g\u00e8ret\u00e9 et la finesse avec ce grip de remplacement Wilson Featherthin noir. Avec lui, vous \u00eates au plus proche du manche pour un toucher incomparable !<\/p>\n","protected":false},"featured_media":5702,"comment_status":"open","ping_status":"closed","template":"","meta":[],"product_cat":[120],"product_tag":[],"_links":{"self":[{"href":"https:\/\/www.sport4club.be\/index.php\/wp-json\/wp\/v2\/product\/5701"}],"collection":[{"href":"https:\/\/www.sport4club.be\/index.php\/wp-json\/wp\/v2\/product"}],"about":[{"href":"https:\/\/www.sport4club.be\/index.php\/wp-json\/wp\/v2\/types\/product"}],"replies":[{"embeddable":true,"href":"https:\/\/www.sport4club.be\/index.php\/wp-json\/wp\/v2\/comments?post=5701"}],"wp:featuredmedia":[{"embeddable":true,"href":"https:\/\/www.sport4club.be\/index.php\/wp-json\/wp\/v2\/media\/5702"}],"wp:attachment":[{"href":"https:\/\/www.sport4club.be\/index.php\/wp-json\/wp\/v2\/media?parent=5701"}],"wp:term":[{"taxonomy":"product_cat","embeddable":true,"href":"https:\/\/www.sport4club.be\/index.php\/wp-json\/wp\/v2\/product_cat?post=5701"},{"taxonomy":"product_tag","embeddable":true,"href":"https:\/\/www.sport4club.be\/index.php\/wp-json\/wp\/v2\/product_tag?post=5701"}],"curies":[{"name":"wp","href":"https:\/\/api.w.org\/{rel}","templated":true}]}}