{"id":5695,"date":"2018-11-16T11:38:54","date_gmt":"2018-11-16T10:38:54","guid":{"rendered":"https:\/\/www.sport4club.be\/index.php\/product\/wilson-cushion-pro-grip\/"},"modified":"2026-01-13T13:51:48","modified_gmt":"2026-01-13T12:51:48","slug":"wilson-cushion-pro-grip","status":"publish","type":"product","link":"https:\/\/www.sport4club.be\/index.php\/product\/wilson-cushion-pro-grip\/","title":{"rendered":"Wilson Grip CUSHION PRO Comfort BLACK"},"content":{"rendered":"<p><em>Le grip\u00a0Wilson Cushion Pro\u00a0propose un\u00a0confort\u00a0maximum pour vos matchs ! <\/em><\/p>\n<p><em>\u00c9pais et b\u00e9n\u00e9ficiant d&#8217;une excellente absorption, il permet \u00e9galement de grossir l\u00e9g\u00e8rement la taille de votre manche.<\/em><\/p>\n","protected":false},"excerpt":{"rendered":"<p>Le grip\u00a0Wilson Cushion Pro\u00a0propose un\u00a0confort\u00a0maximum pour vos matchs ! \u00c9pais et b\u00e9n\u00e9ficiant d&#8217;une excellente absorption, il permet \u00e9galement de grossir l\u00e9g\u00e8rement la taille de votre manche.<\/p>\n","protected":false},"featured_media":5696,"comment_status":"open","ping_status":"closed","template":"","meta":[],"product_cat":[120],"product_tag":[],"_links":{"self":[{"href":"https:\/\/www.sport4club.be\/index.php\/wp-json\/wp\/v2\/product\/5695"}],"collection":[{"href":"https:\/\/www.sport4club.be\/index.php\/wp-json\/wp\/v2\/product"}],"about":[{"href":"https:\/\/www.sport4club.be\/index.php\/wp-json\/wp\/v2\/types\/product"}],"replies":[{"embeddable":true,"href":"https:\/\/www.sport4club.be\/index.php\/wp-json\/wp\/v2\/comments?post=5695"}],"wp:featuredmedia":[{"embeddable":true,"href":"https:\/\/www.sport4club.be\/index.php\/wp-json\/wp\/v2\/media\/5696"}],"wp:attachment":[{"href":"https:\/\/www.sport4club.be\/index.php\/wp-json\/wp\/v2\/media?parent=5695"}],"wp:term":[{"taxonomy":"product_cat","embeddable":true,"href":"https:\/\/www.sport4club.be\/index.php\/wp-json\/wp\/v2\/product_cat?post=5695"},{"taxonomy":"product_tag","embeddable":true,"href":"https:\/\/www.sport4club.be\/index.php\/wp-json\/wp\/v2\/product_tag?post=5695"}],"curies":[{"name":"wp","href":"https:\/\/api.w.org\/{rel}","templated":true}]}}