{"id":5693,"date":"2018-11-16T11:38:54","date_gmt":"2018-11-16T10:38:54","guid":{"rendered":"https:\/\/www.sport4club.be\/index.php\/product\/wilson-micro-dry-comfort-grip\/"},"modified":"2023-02-23T12:20:06","modified_gmt":"2023-02-23T11:20:06","slug":"wilson-micro-dry-comfort-grip","status":"publish","type":"product","link":"https:\/\/www.sport4club.be\/index.php\/product\/wilson-micro-dry-comfort-grip\/","title":{"rendered":"Wilson MICRO DRY COMFORT GRIP BLACK"},"content":{"rendered":"<p><em>Le Grip de tennis\u00a0Wilson Micro-Dry Comfort\u00a0est con\u00e7u en tissu feutr\u00e9 \u00e9pais super absorbant.<\/em><\/p>\n<p><em>Il assure un confort \u00e0 toute \u00e9preuve avec ses 2mm d&#8217;\u00e9paisseur. Ses perforations lui permettent de s\u00e9cher rapidement et d&#8217;\u00e9vacuer efficacement la transpiration des mains.<\/em><\/p>\n<p><em>Le grip de tennis\u00a0Micro-Dry Comfort\u00a0dispose de la technologie\u00a0Easy Wrap\u00a0de\u00a0Wilson\u00a0pour une pose facile.<\/em><\/p>\n","protected":false},"excerpt":{"rendered":"<p>Le Grip de tennis\u00a0Wilson Micro-Dry Comfort\u00a0est con\u00e7u en tissu feutr\u00e9 \u00e9pais super absorbant. Il assure un confort \u00e0 toute \u00e9preuve avec ses 2mm d&#8217;\u00e9paisseur. Ses perforations lui permettent de s\u00e9cher rapidement et d&#8217;\u00e9vacuer efficacement la transpiration des mains. Le grip de tennis\u00a0Micro-Dry Comfort\u00a0dispose de la technologie\u00a0Easy Wrap\u00a0de\u00a0Wilson\u00a0pour une pose facile.<\/p>\n","protected":false},"featured_media":5694,"comment_status":"open","ping_status":"closed","template":"","meta":[],"product_cat":[120],"product_tag":[],"_links":{"self":[{"href":"https:\/\/www.sport4club.be\/index.php\/wp-json\/wp\/v2\/product\/5693"}],"collection":[{"href":"https:\/\/www.sport4club.be\/index.php\/wp-json\/wp\/v2\/product"}],"about":[{"href":"https:\/\/www.sport4club.be\/index.php\/wp-json\/wp\/v2\/types\/product"}],"replies":[{"embeddable":true,"href":"https:\/\/www.sport4club.be\/index.php\/wp-json\/wp\/v2\/comments?post=5693"}],"wp:featuredmedia":[{"embeddable":true,"href":"https:\/\/www.sport4club.be\/index.php\/wp-json\/wp\/v2\/media\/5694"}],"wp:attachment":[{"href":"https:\/\/www.sport4club.be\/index.php\/wp-json\/wp\/v2\/media?parent=5693"}],"wp:term":[{"taxonomy":"product_cat","embeddable":true,"href":"https:\/\/www.sport4club.be\/index.php\/wp-json\/wp\/v2\/product_cat?post=5693"},{"taxonomy":"product_tag","embeddable":true,"href":"https:\/\/www.sport4club.be\/index.php\/wp-json\/wp\/v2\/product_tag?post=5693"}],"curies":[{"name":"wp","href":"https:\/\/api.w.org\/{rel}","templated":true}]}}