{"id":5691,"date":"2018-11-16T11:38:53","date_gmt":"2018-11-16T10:38:53","guid":{"rendered":"https:\/\/www.sport4club.be\/index.php\/product\/wilson-sublime-grip\/"},"modified":"2024-08-14T10:36:54","modified_gmt":"2024-08-14T08:36:54","slug":"wilson-sublime-grip","status":"publish","type":"product","link":"https:\/\/www.sport4club.be\/index.php\/product\/wilson-sublime-grip\/","title":{"rendered":"Wilson Grip SUBLIME Feel"},"content":{"rendered":"<p>Le\u00a0grip de tennis Wilson Sublime\u00a0est le grip de remplacement signature de Wilson qui offre un \u00e9quilibre parfait entre adh\u00e9rence et confort. C&#8217;est une r\u00e9f\u00e9rence de performance pour de nombreux joueurs de tennis. Les micro-perforations en surface\u00a0augmentent l&#8217;absorption de l&#8217;humidit\u00e9, garantissant ainsi une excellente prise en main pour vous aider \u00e0 garder le contr\u00f4le du d\u00e9but \u00e0 la fin de votre match. Avec ce grip de remplacement, vous pourrez jouer avec confiance et confort, tout en b\u00e9n\u00e9ficiant des avantages d&#8217;une prise en main optimale.<\/p>\n<p>Au toucher, ce dernier n&#8217;est ni trop sec, ni trop collant et son \u00e9paisseur l\u00e9g\u00e8rement fine (1,80mm) assure un excellent feeling avec la raquette.<\/p>\n<ul>\n<li>Grip fin offrant un tr\u00e8s bon toucher<\/li>\n<li>Absorbant gr\u00e2ce \u00e0 des microperforations<\/li>\n<li>Toucher ni trop sec, ni trop collant<\/li>\n<li>\u00c9paisseur : 1,80 mm<\/li>\n<li>Couleur : Noir<\/li>\n<\/ul>\n","protected":false},"excerpt":{"rendered":"<p>Le\u00a0grip de tennis Wilson Sublime\u00a0est le grip de remplacement signature de Wilson qui offre un \u00e9quilibre parfait entre adh\u00e9rence et confort. C&#8217;est une r\u00e9f\u00e9rence de performance pour de nombreux joueurs de tennis. Les micro-perforations en surface\u00a0augmentent l&#8217;absorption de l&#8217;humidit\u00e9, garantissant ainsi une excellente prise en main pour vous aider \u00e0 garder le contr\u00f4le du d\u00e9but [&hellip;]<\/p>\n","protected":false},"featured_media":5692,"comment_status":"open","ping_status":"closed","template":"","meta":[],"product_cat":[120],"product_tag":[],"_links":{"self":[{"href":"https:\/\/www.sport4club.be\/index.php\/wp-json\/wp\/v2\/product\/5691"}],"collection":[{"href":"https:\/\/www.sport4club.be\/index.php\/wp-json\/wp\/v2\/product"}],"about":[{"href":"https:\/\/www.sport4club.be\/index.php\/wp-json\/wp\/v2\/types\/product"}],"replies":[{"embeddable":true,"href":"https:\/\/www.sport4club.be\/index.php\/wp-json\/wp\/v2\/comments?post=5691"}],"wp:featuredmedia":[{"embeddable":true,"href":"https:\/\/www.sport4club.be\/index.php\/wp-json\/wp\/v2\/media\/5692"}],"wp:attachment":[{"href":"https:\/\/www.sport4club.be\/index.php\/wp-json\/wp\/v2\/media?parent=5691"}],"wp:term":[{"taxonomy":"product_cat","embeddable":true,"href":"https:\/\/www.sport4club.be\/index.php\/wp-json\/wp\/v2\/product_cat?post=5691"},{"taxonomy":"product_tag","embeddable":true,"href":"https:\/\/www.sport4club.be\/index.php\/wp-json\/wp\/v2\/product_tag?post=5691"}],"curies":[{"name":"wp","href":"https:\/\/api.w.org\/{rel}","templated":true}]}}