{"id":5671,"date":"2018-11-16T11:38:48","date_gmt":"2018-11-16T10:38:48","guid":{"rendered":"https:\/\/www.sport4club.be\/index.php\/product\/babolat-my-overgrip-x70\/"},"modified":"2025-05-21T10:17:32","modified_gmt":"2025-05-21T08:17:32","slug":"babolat-my-overgrip-x70","status":"publish","type":"product","link":"https:\/\/www.sport4club.be\/index.php\/product\/babolat-my-overgrip-x70\/","title":{"rendered":"Babolat MY OVERGRIP x70"},"content":{"rendered":"<p>Le surgrip de tennis Babolat My Grip poss\u00e8de une texture collante pour une prise en main parfaite de la raquette. Ses couleurs fun vous d\u00e9marqueront de vos adversaires et son prix tr\u00e8s attractif vous s\u00e9duira.<br \/>\n\u00c9paisseur : 0,50 mm<br \/>\nPoids : 5 gr<br \/>\nLongueur: 120 cm<\/p>\n<p>Bo\u00eete de 70 surgrips<\/p>\n","protected":false},"excerpt":{"rendered":"<p>Le surgrip de tennis Babolat My Grip poss\u00e8de une texture collante pour une prise en main parfaite de la raquette. Ses couleurs fun vous d\u00e9marqueront de vos adversaires et son prix tr\u00e8s attractif vous s\u00e9duira. \u00c9paisseur : 0,50 mm Poids : 5 gr Longueur: 120 cm Bo\u00eete de 70 surgrips<\/p>\n","protected":false},"featured_media":114942,"comment_status":"open","ping_status":"closed","template":"","meta":[],"product_cat":[120],"product_tag":[],"_links":{"self":[{"href":"https:\/\/www.sport4club.be\/index.php\/wp-json\/wp\/v2\/product\/5671"}],"collection":[{"href":"https:\/\/www.sport4club.be\/index.php\/wp-json\/wp\/v2\/product"}],"about":[{"href":"https:\/\/www.sport4club.be\/index.php\/wp-json\/wp\/v2\/types\/product"}],"replies":[{"embeddable":true,"href":"https:\/\/www.sport4club.be\/index.php\/wp-json\/wp\/v2\/comments?post=5671"}],"wp:featuredmedia":[{"embeddable":true,"href":"https:\/\/www.sport4club.be\/index.php\/wp-json\/wp\/v2\/media\/114942"}],"wp:attachment":[{"href":"https:\/\/www.sport4club.be\/index.php\/wp-json\/wp\/v2\/media?parent=5671"}],"wp:term":[{"taxonomy":"product_cat","embeddable":true,"href":"https:\/\/www.sport4club.be\/index.php\/wp-json\/wp\/v2\/product_cat?post=5671"},{"taxonomy":"product_tag","embeddable":true,"href":"https:\/\/www.sport4club.be\/index.php\/wp-json\/wp\/v2\/product_tag?post=5671"}],"curies":[{"name":"wp","href":"https:\/\/api.w.org\/{rel}","templated":true}]}}