{"id":5665,"date":"2018-11-16T11:38:47","date_gmt":"2018-11-16T10:38:47","guid":{"rendered":"https:\/\/www.sport4club.be\/index.php\/product\/babolat-pro-tacky-x12\/"},"modified":"2025-05-21T10:25:18","modified_gmt":"2025-05-21T08:25:18","slug":"babolat-pro-tacky-x12","status":"publish","type":"product","link":"https:\/\/www.sport4club.be\/index.php\/product\/babolat-pro-tacky-x12\/","title":{"rendered":"Babolat Overgrip PRO TOUR 2.0 (12 pces)"},"content":{"rendered":"<p>En tant que joueur comp\u00e9titeur exigeant, vous recherchez un surgrip dot\u00e9 d&#8217;un toucher exceptionnel vous permettant de garder le contr\u00f4le sur chaque point.<\/p>\n<p>Nous avons retravaill\u00e9 le Pro Tour pour vous fournir un maximum d\u2019absorption et de confort.<\/p>\n<div class=\"cb-section_column slds-size_12-of-12 slds-max-medium-size_12-of-12 slds-large-size_4-of-12\" data-aura-rendered-by=\"2399:0\">\n<div data-region-name=\"1\" data-item-id=\"cce49934-eb60-42c4-8a04-c49ca2679e4a\" data-aura-rendered-by=\"2373:0\">\n<div class=\"ui-widget\" data-priority=\"\" data-item-id=\"e5c769a9-cfb6-44a3-926b-8b5e4c61899a\" data-aura-rendered-by=\"2370:0\">\n<div>\n<div class=\"slds-accordion__list-item\">\n<section class=\"slds-accordion__section slds-is-open\">\n<div id=\"lgt-accordion-section-2381\" class=\"slds-accordion__content\" aria-hidden=\"false\">\n<table class=\"slds-table slds-table_header-hidden\" role=\"presentation\">\n<tbody>\n<tr class=\"slds-hint-parent slds-border_bottom\">\n<td class=\"slds-cell-wrap\">Sport<\/td>\n<td class=\"slds-cell-wrap\">All Sports<\/td>\n<\/tr>\n<tr class=\"slds-hint-parent slds-border_bottom\">\n<td class=\"slds-cell-wrap\">Type<\/td>\n<td class=\"slds-cell-wrap\">Comfort<\/td>\n<\/tr>\n<tr class=\"slds-hint-parent slds-border_bottom\">\n<td class=\"slds-cell-wrap\">Niveau d&#8217;absorption<\/td>\n<td class=\"slds-cell-wrap\">4\/5<\/td>\n<\/tr>\n<tr class=\"slds-hint-parent slds-border_bottom\">\n<td class=\"slds-cell-wrap\">Epaisseur<\/td>\n<td class=\"slds-cell-wrap\">0.6mm<\/td>\n<\/tr>\n<tr class=\"slds-hint-parent slds-border_bottom\">\n<td class=\"slds-cell-wrap\">Adh\u00e9rence<\/td>\n<td class=\"slds-cell-wrap\">Tacky<\/td>\n<\/tr>\n<\/tbody>\n<\/table>\n<\/div>\n<\/section>\n<\/div>\n<\/div>\n<\/div>\n<\/div>\n<\/div>\n<div class=\"cb-section_column slds-size_12-of-12 slds-max-medium-size_12-of-12 slds-large-size_4-of-12\" data-aura-rendered-by=\"2401:0\">\n<div data-region-name=\"50126\" data-item-id=\"cf609b4b-5f7e-46a8-82db-24bdc415eb82\" data-aura-rendered-by=\"2387:0\">\n<div class=\"ui-widget\" data-priority=\"\" data-item-id=\"ab12ef9f-c229-4b9c-9124-4403207cbc79\" data-aura-rendered-by=\"2384:0\">\n<div>\n<div class=\"slds-accordion__list-item\">\n<section class=\"slds-accordion__section slds-is-open\">\n<div class=\"slds-accordion__summary\">\n<h2 class=\"slds-accordion__summary-heading\"><\/h2>\n<\/div>\n<div id=\"lgt-accordion-section-2401\" class=\"slds-accordion__content\" aria-hidden=\"false\">\n<table class=\"slds-table slds-table_header-hidden\" role=\"presentation\">\n<tbody>\n<tr class=\"slds-hint-parent slds-border_bottom\">\n<td class=\"slds-cell-wrap\">Longueur<\/td>\n<td class=\"slds-cell-wrap\">110.0cm<\/td>\n<\/tr>\n<tr class=\"slds-hint-parent slds-border_bottom\">\n<td class=\"slds-cell-wrap\">Poids<\/td>\n<td class=\"slds-cell-wrap\">5.0g<\/td>\n<\/tr>\n<tr class=\"slds-hint-parent slds-border_bottom\">\n<td class=\"slds-cell-wrap\">Composition<\/td>\n<td class=\"slds-cell-wrap\">PU\/Non-woven<\/td>\n<\/tr>\n<\/tbody>\n<\/table>\n<\/div>\n<\/section>\n<\/div>\n<\/div>\n<\/div>\n<\/div>\n<\/div>\n","protected":false},"excerpt":{"rendered":"<p>En tant que joueur comp\u00e9titeur exigeant, vous recherchez un surgrip dot\u00e9 d&#8217;un toucher exceptionnel vous permettant de garder le contr\u00f4le sur chaque point. Nous avons retravaill\u00e9 le Pro Tour pour vous fournir un maximum d\u2019absorption et de confort. Sport All Sports Type Comfort Niveau d&#8217;absorption 4\/5 Epaisseur 0.6mm Adh\u00e9rence Tacky Longueur 110.0cm Poids 5.0g Composition [&hellip;]<\/p>\n","protected":false},"featured_media":114944,"comment_status":"open","ping_status":"closed","template":"","meta":[],"product_cat":[120],"product_tag":[],"_links":{"self":[{"href":"https:\/\/www.sport4club.be\/index.php\/wp-json\/wp\/v2\/product\/5665"}],"collection":[{"href":"https:\/\/www.sport4club.be\/index.php\/wp-json\/wp\/v2\/product"}],"about":[{"href":"https:\/\/www.sport4club.be\/index.php\/wp-json\/wp\/v2\/types\/product"}],"replies":[{"embeddable":true,"href":"https:\/\/www.sport4club.be\/index.php\/wp-json\/wp\/v2\/comments?post=5665"}],"wp:featuredmedia":[{"embeddable":true,"href":"https:\/\/www.sport4club.be\/index.php\/wp-json\/wp\/v2\/media\/114944"}],"wp:attachment":[{"href":"https:\/\/www.sport4club.be\/index.php\/wp-json\/wp\/v2\/media?parent=5665"}],"wp:term":[{"taxonomy":"product_cat","embeddable":true,"href":"https:\/\/www.sport4club.be\/index.php\/wp-json\/wp\/v2\/product_cat?post=5665"},{"taxonomy":"product_tag","embeddable":true,"href":"https:\/\/www.sport4club.be\/index.php\/wp-json\/wp\/v2\/product_tag?post=5665"}],"curies":[{"name":"wp","href":"https:\/\/api.w.org\/{rel}","templated":true}]}}