{"id":5643,"date":"2018-11-16T11:38:44","date_gmt":"2018-11-16T10:38:44","guid":{"rendered":"https:\/\/www.sport4club.be\/index.php\/product\/wilson-stencil-ink\/"},"modified":"2024-03-05T14:51:03","modified_gmt":"2024-03-05T13:51:03","slug":"wilson-stencil-ink","status":"publish","type":"product","link":"https:\/\/www.sport4club.be\/index.php\/product\/wilson-stencil-ink\/","title":{"rendered":"Wilson STENCIL INK"},"content":{"rendered":"<p>Ce marqueur Wilson permet la pose facile et qualitative de votre logo pr\u00e9f\u00e9r\u00e9 sur votre cordage et la customisation de votre raquette \u00e0 votre go\u00fbt.<\/p>\n","protected":false},"excerpt":{"rendered":"<p>Ce marqueur Wilson permet la pose facile et qualitative de votre logo pr\u00e9f\u00e9r\u00e9 sur votre cordage et la customisation de votre raquette \u00e0 votre go\u00fbt.<\/p>\n","protected":false},"featured_media":5644,"comment_status":"open","ping_status":"closed","template":"","meta":[],"product_cat":[118],"product_tag":[],"_links":{"self":[{"href":"https:\/\/www.sport4club.be\/index.php\/wp-json\/wp\/v2\/product\/5643"}],"collection":[{"href":"https:\/\/www.sport4club.be\/index.php\/wp-json\/wp\/v2\/product"}],"about":[{"href":"https:\/\/www.sport4club.be\/index.php\/wp-json\/wp\/v2\/types\/product"}],"replies":[{"embeddable":true,"href":"https:\/\/www.sport4club.be\/index.php\/wp-json\/wp\/v2\/comments?post=5643"}],"wp:featuredmedia":[{"embeddable":true,"href":"https:\/\/www.sport4club.be\/index.php\/wp-json\/wp\/v2\/media\/5644"}],"wp:attachment":[{"href":"https:\/\/www.sport4club.be\/index.php\/wp-json\/wp\/v2\/media?parent=5643"}],"wp:term":[{"taxonomy":"product_cat","embeddable":true,"href":"https:\/\/www.sport4club.be\/index.php\/wp-json\/wp\/v2\/product_cat?post=5643"},{"taxonomy":"product_tag","embeddable":true,"href":"https:\/\/www.sport4club.be\/index.php\/wp-json\/wp\/v2\/product_tag?post=5643"}],"curies":[{"name":"wp","href":"https:\/\/api.w.org\/{rel}","templated":true}]}}