{"id":5483,"date":"2018-11-16T11:38:10","date_gmt":"2018-11-16T10:38:10","guid":{"rendered":"https:\/\/www.sport4club.be\/index.php\/product\/wilson-ball-pick-up-75\/"},"modified":"2023-10-11T10:51:09","modified_gmt":"2023-10-11T08:51:09","slug":"wilson-ball-pick-up-75","status":"publish","type":"product","link":"https:\/\/www.sport4club.be\/index.php\/product\/wilson-ball-pick-up-75\/","title":{"rendered":"Wilson BALL PICK UP 75"},"content":{"rendered":"<p>Le panier de balles Pick-up est id\u00e9al pour les entra\u00eenements de tennis.<\/p>\n<p>Il est tr\u00e8s l\u00e9ger et permet de ramasser les balles avec une grande facilit\u00e9.<\/p>\n<p>Peut contenir jusqu&#8217;\u00e0 75 balles, c&#8217;est la plus grande contenance du march\u00e9.<\/p>\n<p>Poign\u00e9es rabattables.<\/p>\n","protected":false},"excerpt":{"rendered":"<p>Le panier de balles Pick-up est id\u00e9al pour les entra\u00eenements de tennis. Il est tr\u00e8s l\u00e9ger et permet de ramasser les balles avec une grande facilit\u00e9. Peut contenir jusqu&#8217;\u00e0 75 balles, c&#8217;est la plus grande contenance du march\u00e9. Poign\u00e9es rabattables.<\/p>\n","protected":false},"featured_media":12214,"comment_status":"open","ping_status":"closed","template":"","meta":[],"product_cat":[116],"product_tag":[],"_links":{"self":[{"href":"https:\/\/www.sport4club.be\/index.php\/wp-json\/wp\/v2\/product\/5483"}],"collection":[{"href":"https:\/\/www.sport4club.be\/index.php\/wp-json\/wp\/v2\/product"}],"about":[{"href":"https:\/\/www.sport4club.be\/index.php\/wp-json\/wp\/v2\/types\/product"}],"replies":[{"embeddable":true,"href":"https:\/\/www.sport4club.be\/index.php\/wp-json\/wp\/v2\/comments?post=5483"}],"wp:featuredmedia":[{"embeddable":true,"href":"https:\/\/www.sport4club.be\/index.php\/wp-json\/wp\/v2\/media\/12214"}],"wp:attachment":[{"href":"https:\/\/www.sport4club.be\/index.php\/wp-json\/wp\/v2\/media?parent=5483"}],"wp:term":[{"taxonomy":"product_cat","embeddable":true,"href":"https:\/\/www.sport4club.be\/index.php\/wp-json\/wp\/v2\/product_cat?post=5483"},{"taxonomy":"product_tag","embeddable":true,"href":"https:\/\/www.sport4club.be\/index.php\/wp-json\/wp\/v2\/product_tag?post=5483"}],"curies":[{"name":"wp","href":"https:\/\/api.w.org\/{rel}","templated":true}]}}