{"id":5363,"date":"2018-11-16T11:37:44","date_gmt":"2018-11-16T10:37:44","guid":{"rendered":"https:\/\/www.sport4club.be\/index.php\/product\/merco-replacement-brush-for-arenga-broom-50\/"},"modified":"2025-07-11T07:40:35","modified_gmt":"2025-07-11T05:40:35","slug":"merco-replacement-brush-for-arenga-broom-50","status":"publish","type":"product","link":"https:\/\/www.sport4club.be\/index.php\/product\/merco-replacement-brush-for-arenga-broom-50\/","title":{"rendered":"Merco REPLACEMENT BRUSH FOR ARENGA BROOM"},"content":{"rendered":"<p><strong>La brosse de rechange<\/strong>\u00a0d&#8217;une\u00a0<strong>\u00a0<\/strong>longueur de 50 cm est cr\u00e9\u00e9e pour la brosse Merco Arenga Universal.<\/p>\n<p>Il faut 4 pi\u00e8ces de brosses de rechange pour un remplacement complet.<\/p>\n","protected":false},"excerpt":{"rendered":"<p>La brosse de rechange\u00a0d&#8217;une\u00a0\u00a0longueur de 50 cm est cr\u00e9\u00e9e pour la brosse Merco Arenga Universal. Il faut 4 pi\u00e8ces de brosses de rechange pour un remplacement complet.<\/p>\n","protected":false},"featured_media":12013,"comment_status":"open","ping_status":"closed","template":"","meta":[],"product_cat":[79],"product_tag":[],"_links":{"self":[{"href":"https:\/\/www.sport4club.be\/index.php\/wp-json\/wp\/v2\/product\/5363"}],"collection":[{"href":"https:\/\/www.sport4club.be\/index.php\/wp-json\/wp\/v2\/product"}],"about":[{"href":"https:\/\/www.sport4club.be\/index.php\/wp-json\/wp\/v2\/types\/product"}],"replies":[{"embeddable":true,"href":"https:\/\/www.sport4club.be\/index.php\/wp-json\/wp\/v2\/comments?post=5363"}],"wp:featuredmedia":[{"embeddable":true,"href":"https:\/\/www.sport4club.be\/index.php\/wp-json\/wp\/v2\/media\/12013"}],"wp:attachment":[{"href":"https:\/\/www.sport4club.be\/index.php\/wp-json\/wp\/v2\/media?parent=5363"}],"wp:term":[{"taxonomy":"product_cat","embeddable":true,"href":"https:\/\/www.sport4club.be\/index.php\/wp-json\/wp\/v2\/product_cat?post=5363"},{"taxonomy":"product_tag","embeddable":true,"href":"https:\/\/www.sport4club.be\/index.php\/wp-json\/wp\/v2\/product_tag?post=5363"}],"curies":[{"name":"wp","href":"https:\/\/api.w.org\/{rel}","templated":true}]}}