{"id":5359,"date":"2018-11-16T11:37:44","date_gmt":"2018-11-16T10:37:44","guid":{"rendered":"https:\/\/www.sport4club.be\/index.php\/product\/merco-universal-extra-alu-drag-mat-150x175\/"},"modified":"2024-03-28T08:21:30","modified_gmt":"2024-03-28T07:21:30","slug":"merco-universal-extra-alu-drag-mat-150x175","status":"publish","type":"product","link":"https:\/\/www.sport4club.be\/index.php\/product\/merco-universal-extra-alu-drag-mat-150x175\/","title":{"rendered":"Merco Universal Extra ALU drag mat with drawstring"},"content":{"rendered":"<p><strong>Le tapis de dragage Merco Universal Extra ALU<\/strong>\u00a0avec cordon de traction est adapt\u00e9 \u00e0 l&#8217;entretien des courts en terre battue.<\/p>\n<p>Merco Universal Extra ALU aide \u00e0 lisser la surface de l&#8217;argile gr\u00e2ce \u00e0 un filet de qualit\u00e9 recouvert de PVC pour plus de durabilit\u00e9 et \u00e0 une bande d&#8217;aluminium en forme de &#8220;L&#8221;.<\/p>\n<p>Drag mat Merco Universal Extra ALU est l&#8217;\u00e9quipement de base de tous les clubs et courts de tennis.<\/p>\n<p>Les dimensions sont de 150 x 175 cm, avec un poids total de 4,3 kg.<\/p>\n","protected":false},"excerpt":{"rendered":"<p>Le tapis de dragage Merco Universal Extra ALU\u00a0avec cordon de traction est adapt\u00e9 \u00e0 l&#8217;entretien des courts en terre battue. Merco Universal Extra ALU aide \u00e0 lisser la surface de l&#8217;argile gr\u00e2ce \u00e0 un filet de qualit\u00e9 recouvert de PVC pour plus de durabilit\u00e9 et \u00e0 une bande d&#8217;aluminium en forme de &#8220;L&#8221;. Drag mat [&hellip;]<\/p>\n","protected":false},"featured_media":12059,"comment_status":"open","ping_status":"closed","template":"","meta":[],"product_cat":[79],"product_tag":[],"_links":{"self":[{"href":"https:\/\/www.sport4club.be\/index.php\/wp-json\/wp\/v2\/product\/5359"}],"collection":[{"href":"https:\/\/www.sport4club.be\/index.php\/wp-json\/wp\/v2\/product"}],"about":[{"href":"https:\/\/www.sport4club.be\/index.php\/wp-json\/wp\/v2\/types\/product"}],"replies":[{"embeddable":true,"href":"https:\/\/www.sport4club.be\/index.php\/wp-json\/wp\/v2\/comments?post=5359"}],"wp:featuredmedia":[{"embeddable":true,"href":"https:\/\/www.sport4club.be\/index.php\/wp-json\/wp\/v2\/media\/12059"}],"wp:attachment":[{"href":"https:\/\/www.sport4club.be\/index.php\/wp-json\/wp\/v2\/media?parent=5359"}],"wp:term":[{"taxonomy":"product_cat","embeddable":true,"href":"https:\/\/www.sport4club.be\/index.php\/wp-json\/wp\/v2\/product_cat?post=5359"},{"taxonomy":"product_tag","embeddable":true,"href":"https:\/\/www.sport4club.be\/index.php\/wp-json\/wp\/v2\/product_tag?post=5359"}],"curies":[{"name":"wp","href":"https:\/\/api.w.org\/{rel}","templated":true}]}}