{"id":5357,"date":"2018-11-16T11:37:44","date_gmt":"2018-11-16T10:37:44","guid":{"rendered":"https:\/\/www.sport4club.be\/index.php\/product\/merco-replacement-brush-for-special-broom-50\/"},"modified":"2025-07-22T12:33:15","modified_gmt":"2025-07-22T10:33:15","slug":"merco-replacement-brush-for-special-broom-50","status":"publish","type":"product","link":"https:\/\/www.sport4club.be\/index.php\/product\/merco-replacement-brush-for-special-broom-50\/","title":{"rendered":"Merco REPLACEMENT BRUSH FOR SPECIAL BROOM"},"content":{"rendered":"<p><strong>La brosse de rechange<\/strong>\u00a0avec poils est con\u00e7ue pour\u00a0<a href=\"https:\/\/www.e-sportshop.com\/gb\/tennis-court-broom-merco-width-200-cm.html\">le balai Merco Special<\/a>\u00a0, qui est con\u00e7u pour l&#8217;entretien r\u00e9gulier des courts de tennis et des terrains de sport \u00e0 surface artificielle.<\/p>\n<p>La brosse de rechange a une longueur de 50 cm, le balai se compose de quatre de ces brosses.<\/p>\n<p>Le balai est con\u00e7u pour le traitement des surfaces artificielles avec du sable de silice.<\/p>\n","protected":false},"excerpt":{"rendered":"<p>La brosse de rechange\u00a0avec poils est con\u00e7ue pour\u00a0le balai Merco Special\u00a0, qui est con\u00e7u pour l&#8217;entretien r\u00e9gulier des courts de tennis et des terrains de sport \u00e0 surface artificielle. La brosse de rechange a une longueur de 50 cm, le balai se compose de quatre de ces brosses. Le balai est con\u00e7u pour le traitement [&hellip;]<\/p>\n","protected":false},"featured_media":12017,"comment_status":"open","ping_status":"closed","template":"","meta":[],"product_cat":[79],"product_tag":[],"_links":{"self":[{"href":"https:\/\/www.sport4club.be\/index.php\/wp-json\/wp\/v2\/product\/5357"}],"collection":[{"href":"https:\/\/www.sport4club.be\/index.php\/wp-json\/wp\/v2\/product"}],"about":[{"href":"https:\/\/www.sport4club.be\/index.php\/wp-json\/wp\/v2\/types\/product"}],"replies":[{"embeddable":true,"href":"https:\/\/www.sport4club.be\/index.php\/wp-json\/wp\/v2\/comments?post=5357"}],"wp:featuredmedia":[{"embeddable":true,"href":"https:\/\/www.sport4club.be\/index.php\/wp-json\/wp\/v2\/media\/12017"}],"wp:attachment":[{"href":"https:\/\/www.sport4club.be\/index.php\/wp-json\/wp\/v2\/media?parent=5357"}],"wp:term":[{"taxonomy":"product_cat","embeddable":true,"href":"https:\/\/www.sport4club.be\/index.php\/wp-json\/wp\/v2\/product_cat?post=5357"},{"taxonomy":"product_tag","embeddable":true,"href":"https:\/\/www.sport4club.be\/index.php\/wp-json\/wp\/v2\/product_tag?post=5357"}],"curies":[{"name":"wp","href":"https:\/\/api.w.org\/{rel}","templated":true}]}}