{"id":5351,"date":"2018-11-16T11:37:40","date_gmt":"2018-11-16T10:37:40","guid":{"rendered":"https:\/\/www.sport4club.be\/index.php\/product\/merco-drag-mat-kokos-wood-200\/"},"modified":"2023-05-15T19:13:50","modified_gmt":"2023-05-15T17:13:50","slug":"merco-drag-mat-kokos-wood-200","status":"publish","type":"product","link":"https:\/\/www.sport4club.be\/index.php\/product\/merco-drag-mat-kokos-wood-200\/","title":{"rendered":"Merco Kokos wooden drag mat"},"content":{"rendered":"<p><strong>Drag mat<\/strong>\u00a0Merco Coconut pour un traitement optimal des terrains secs en terre battue.<\/p>\n<p>Ce mod\u00e8le est \u00e9quip\u00e9 d&#8217;une bande en bois, d&#8217;une corde de remorquage et principalement d&#8217;un mat\u00e9riau extra lourd en fibres de coco.<\/p>\n<p>180 x 100 cm<\/p>\n","protected":false},"excerpt":{"rendered":"<p>Drag mat\u00a0Merco Coconut pour un traitement optimal des terrains secs en terre battue. Ce mod\u00e8le est \u00e9quip\u00e9 d&#8217;une bande en bois, d&#8217;une corde de remorquage et principalement d&#8217;un mat\u00e9riau extra lourd en fibres de coco. 180 x 100 cm<\/p>\n","protected":false},"featured_media":11986,"comment_status":"open","ping_status":"closed","template":"","meta":[],"product_cat":[79],"product_tag":[],"_links":{"self":[{"href":"https:\/\/www.sport4club.be\/index.php\/wp-json\/wp\/v2\/product\/5351"}],"collection":[{"href":"https:\/\/www.sport4club.be\/index.php\/wp-json\/wp\/v2\/product"}],"about":[{"href":"https:\/\/www.sport4club.be\/index.php\/wp-json\/wp\/v2\/types\/product"}],"replies":[{"embeddable":true,"href":"https:\/\/www.sport4club.be\/index.php\/wp-json\/wp\/v2\/comments?post=5351"}],"wp:featuredmedia":[{"embeddable":true,"href":"https:\/\/www.sport4club.be\/index.php\/wp-json\/wp\/v2\/media\/11986"}],"wp:attachment":[{"href":"https:\/\/www.sport4club.be\/index.php\/wp-json\/wp\/v2\/media?parent=5351"}],"wp:term":[{"taxonomy":"product_cat","embeddable":true,"href":"https:\/\/www.sport4club.be\/index.php\/wp-json\/wp\/v2\/product_cat?post=5351"},{"taxonomy":"product_tag","embeddable":true,"href":"https:\/\/www.sport4club.be\/index.php\/wp-json\/wp\/v2\/product_tag?post=5351"}],"curies":[{"name":"wp","href":"https:\/\/api.w.org\/{rel}","templated":true}]}}