{"id":5345,"date":"2018-11-16T11:37:39","date_gmt":"2018-11-16T10:37:39","guid":{"rendered":"https:\/\/www.sport4club.be\/index.php\/product\/merco-broom-kunstoff-with-alu-frame-270\/"},"modified":"2024-06-19T12:00:34","modified_gmt":"2024-06-19T10:00:34","slug":"merco-broom-kunstoff-with-alu-frame-270","status":"publish","type":"product","link":"https:\/\/www.sport4club.be\/index.php\/product\/merco-broom-kunstoff-with-alu-frame-270\/","title":{"rendered":"Merco BROOM KUNSTOFF WITH ALU FRAME 270cm"},"content":{"rendered":"<p><strong>Le balai en aluminium Merco Kunststoff<\/strong>\u00a0est fabriqu\u00e9 en deux parties avec un cadre en aluminium solide et r\u00e9sistant aux influences ext\u00e9rieures.<\/p>\n<p>La largeur du balai est de 270 cm.<\/p>\n<p>Manipulation ais\u00e9e avec un balai Merco Kunststoff supporte un manche en aluminium de 40 cm de large et 110 cm de long.<\/p>\n<p>Ce mod\u00e8le est con\u00e7u pour l&#8217;entretien des courts en terre battue.<\/p>\n","protected":false},"excerpt":{"rendered":"<p>Le balai en aluminium Merco Kunststoff\u00a0est fabriqu\u00e9 en deux parties avec un cadre en aluminium solide et r\u00e9sistant aux influences ext\u00e9rieures. La largeur du balai est de 270 cm. Manipulation ais\u00e9e avec un balai Merco Kunststoff supporte un manche en aluminium de 40 cm de large et 110 cm de long. Ce mod\u00e8le est con\u00e7u [&hellip;]<\/p>\n","protected":false},"featured_media":11930,"comment_status":"open","ping_status":"closed","template":"","meta":[],"product_cat":[79],"product_tag":[],"_links":{"self":[{"href":"https:\/\/www.sport4club.be\/index.php\/wp-json\/wp\/v2\/product\/5345"}],"collection":[{"href":"https:\/\/www.sport4club.be\/index.php\/wp-json\/wp\/v2\/product"}],"about":[{"href":"https:\/\/www.sport4club.be\/index.php\/wp-json\/wp\/v2\/types\/product"}],"replies":[{"embeddable":true,"href":"https:\/\/www.sport4club.be\/index.php\/wp-json\/wp\/v2\/comments?post=5345"}],"wp:featuredmedia":[{"embeddable":true,"href":"https:\/\/www.sport4club.be\/index.php\/wp-json\/wp\/v2\/media\/11930"}],"wp:attachment":[{"href":"https:\/\/www.sport4club.be\/index.php\/wp-json\/wp\/v2\/media?parent=5345"}],"wp:term":[{"taxonomy":"product_cat","embeddable":true,"href":"https:\/\/www.sport4club.be\/index.php\/wp-json\/wp\/v2\/product_cat?post=5345"},{"taxonomy":"product_tag","embeddable":true,"href":"https:\/\/www.sport4club.be\/index.php\/wp-json\/wp\/v2\/product_tag?post=5345"}],"curies":[{"name":"wp","href":"https:\/\/api.w.org\/{rel}","templated":true}]}}