{"id":5339,"date":"2018-11-16T11:37:38","date_gmt":"2018-11-16T10:37:38","guid":{"rendered":"https:\/\/www.sport4club.be\/index.php\/product\/merco-universal-broom-m200-200\/"},"modified":"2024-06-19T12:14:44","modified_gmt":"2024-06-19T10:14:44","slug":"merco-universal-broom-m200-200","status":"publish","type":"product","link":"https:\/\/www.sport4club.be\/index.php\/product\/merco-universal-broom-m200-200\/","title":{"rendered":"Merco UNIVERSAL BROOM M200"},"content":{"rendered":"<p><strong>Merco M200<\/strong>\u00a0est une brosse mi-dure de haute qualit\u00e9 adapt\u00e9e \u00e0 l&#8217;entretien des courts en terre battue.<\/p>\n<p>Le balai se d\u00e9barrasse facilement de la salet\u00e9 sur le terrain, et le cadre en aluminium peut \u00eatre utilis\u00e9 comme pelle.<\/p>\n<p>Pour une manipulation ais\u00e9e, la brosse Merco M200 est \u00e9quip\u00e9e d&#8217;un manche en aluminium.<\/p>\n","protected":false},"excerpt":{"rendered":"<p>Merco M200\u00a0est une brosse mi-dure de haute qualit\u00e9 adapt\u00e9e \u00e0 l&#8217;entretien des courts en terre battue. Le balai se d\u00e9barrasse facilement de la salet\u00e9 sur le terrain, et le cadre en aluminium peut \u00eatre utilis\u00e9 comme pelle. Pour une manipulation ais\u00e9e, la brosse Merco M200 est \u00e9quip\u00e9e d&#8217;un manche en aluminium.<\/p>\n","protected":false},"featured_media":12056,"comment_status":"open","ping_status":"closed","template":"","meta":[],"product_cat":[79],"product_tag":[],"_links":{"self":[{"href":"https:\/\/www.sport4club.be\/index.php\/wp-json\/wp\/v2\/product\/5339"}],"collection":[{"href":"https:\/\/www.sport4club.be\/index.php\/wp-json\/wp\/v2\/product"}],"about":[{"href":"https:\/\/www.sport4club.be\/index.php\/wp-json\/wp\/v2\/types\/product"}],"replies":[{"embeddable":true,"href":"https:\/\/www.sport4club.be\/index.php\/wp-json\/wp\/v2\/comments?post=5339"}],"wp:featuredmedia":[{"embeddable":true,"href":"https:\/\/www.sport4club.be\/index.php\/wp-json\/wp\/v2\/media\/12056"}],"wp:attachment":[{"href":"https:\/\/www.sport4club.be\/index.php\/wp-json\/wp\/v2\/media?parent=5339"}],"wp:term":[{"taxonomy":"product_cat","embeddable":true,"href":"https:\/\/www.sport4club.be\/index.php\/wp-json\/wp\/v2\/product_cat?post=5339"},{"taxonomy":"product_tag","embeddable":true,"href":"https:\/\/www.sport4club.be\/index.php\/wp-json\/wp\/v2\/product_tag?post=5339"}],"curies":[{"name":"wp","href":"https:\/\/api.w.org\/{rel}","templated":true}]}}