{"id":5329,"date":"2018-11-16T11:37:36","date_gmt":"2018-11-16T10:37:36","guid":{"rendered":"https:\/\/www.sport4club.be\/index.php\/product\/merco-brush-universal-arenga-150\/"},"modified":"2025-07-12T07:37:14","modified_gmt":"2025-07-12T05:37:14","slug":"merco-brush-universal-arenga-150","status":"publish","type":"product","link":"https:\/\/www.sport4club.be\/index.php\/product\/merco-brush-universal-arenga-150\/","title":{"rendered":"Merco BRUSH UNIVERSAL ARENGA"},"content":{"rendered":"<p><strong>Balai pour terre battue<\/strong>\u00a0Merco Arenga a quatre parties qui peuvent \u00eatre \u00e9chang\u00e9es si n\u00e9cessaire.<\/p>\n<p>Le balai est un cadre en aluminium et poss\u00e8de un manche en aluminium.<\/p>\n<p>Le balai mesure 150 cm ou 200 cm.<\/p>\n","protected":false},"excerpt":{"rendered":"<p>Balai pour terre battue\u00a0Merco Arenga a quatre parties qui peuvent \u00eatre \u00e9chang\u00e9es si n\u00e9cessaire. Le balai est un cadre en aluminium et poss\u00e8de un manche en aluminium. Le balai mesure 150 cm ou 200 cm.<\/p>\n","protected":false},"featured_media":11935,"comment_status":"open","ping_status":"closed","template":"","meta":[],"product_cat":[79],"product_tag":[],"_links":{"self":[{"href":"https:\/\/www.sport4club.be\/index.php\/wp-json\/wp\/v2\/product\/5329"}],"collection":[{"href":"https:\/\/www.sport4club.be\/index.php\/wp-json\/wp\/v2\/product"}],"about":[{"href":"https:\/\/www.sport4club.be\/index.php\/wp-json\/wp\/v2\/types\/product"}],"replies":[{"embeddable":true,"href":"https:\/\/www.sport4club.be\/index.php\/wp-json\/wp\/v2\/comments?post=5329"}],"wp:featuredmedia":[{"embeddable":true,"href":"https:\/\/www.sport4club.be\/index.php\/wp-json\/wp\/v2\/media\/11935"}],"wp:attachment":[{"href":"https:\/\/www.sport4club.be\/index.php\/wp-json\/wp\/v2\/media?parent=5329"}],"wp:term":[{"taxonomy":"product_cat","embeddable":true,"href":"https:\/\/www.sport4club.be\/index.php\/wp-json\/wp\/v2\/product_cat?post=5329"},{"taxonomy":"product_tag","embeddable":true,"href":"https:\/\/www.sport4club.be\/index.php\/wp-json\/wp\/v2\/product_tag?post=5329"}],"curies":[{"name":"wp","href":"https:\/\/api.w.org\/{rel}","templated":true}]}}