{"id":5327,"date":"2018-11-16T11:37:36","date_gmt":"2018-11-16T10:37:36","guid":{"rendered":"https:\/\/www.sport4club.be\/index.php\/product\/merco-broom-granutop-200\/"},"modified":"2024-03-28T07:59:12","modified_gmt":"2024-03-28T06:59:12","slug":"merco-broom-granutop-200","status":"publish","type":"product","link":"https:\/\/www.sport4club.be\/index.php\/product\/merco-broom-granutop-200\/","title":{"rendered":"Merco BROOM GRANUTOP 200cm"},"content":{"rendered":"<p><strong>Le balai<\/strong>\u00a0Merco Granutop mesure deux m\u00e8tres de large et convient aux surfaces contenant des granulats.<\/p>\n<p>Les deux extr\u00e9mit\u00e9s du balai sont \u00e0 un angle de 15 degr\u00e9s pour un granulat de s\u00e9paration de qualit\u00e9.<\/p>\n","protected":false},"excerpt":{"rendered":"<p>Le balai\u00a0Merco Granutop mesure deux m\u00e8tres de large et convient aux surfaces contenant des granulats. Les deux extr\u00e9mit\u00e9s du balai sont \u00e0 un angle de 15 degr\u00e9s pour un granulat de s\u00e9paration de qualit\u00e9.<\/p>\n","protected":false},"featured_media":11925,"comment_status":"open","ping_status":"closed","template":"","meta":[],"product_cat":[79],"product_tag":[],"_links":{"self":[{"href":"https:\/\/www.sport4club.be\/index.php\/wp-json\/wp\/v2\/product\/5327"}],"collection":[{"href":"https:\/\/www.sport4club.be\/index.php\/wp-json\/wp\/v2\/product"}],"about":[{"href":"https:\/\/www.sport4club.be\/index.php\/wp-json\/wp\/v2\/types\/product"}],"replies":[{"embeddable":true,"href":"https:\/\/www.sport4club.be\/index.php\/wp-json\/wp\/v2\/comments?post=5327"}],"wp:featuredmedia":[{"embeddable":true,"href":"https:\/\/www.sport4club.be\/index.php\/wp-json\/wp\/v2\/media\/11925"}],"wp:attachment":[{"href":"https:\/\/www.sport4club.be\/index.php\/wp-json\/wp\/v2\/media?parent=5327"}],"wp:term":[{"taxonomy":"product_cat","embeddable":true,"href":"https:\/\/www.sport4club.be\/index.php\/wp-json\/wp\/v2\/product_cat?post=5327"},{"taxonomy":"product_tag","embeddable":true,"href":"https:\/\/www.sport4club.be\/index.php\/wp-json\/wp\/v2\/product_tag?post=5327"}],"curies":[{"name":"wp","href":"https:\/\/api.w.org\/{rel}","templated":true}]}}