{"id":5319,"date":"2018-11-16T11:37:35","date_gmt":"2018-11-16T10:37:35","guid":{"rendered":"https:\/\/www.sport4club.be\/index.php\/product\/merco-fense-holder-digi2-for-drag-mat-broom\/"},"modified":"2024-04-28T10:12:51","modified_gmt":"2024-04-28T08:12:51","slug":"merco-fense-holder-digi2-for-drag-mat-broom","status":"publish","type":"product","link":"https:\/\/www.sport4club.be\/index.php\/product\/merco-fense-holder-digi2-for-drag-mat-broom\/","title":{"rendered":"Merco Fense Holder DiGi2 for drag mat and brooms"},"content":{"rendered":"<p><strong>Support double pour balais de court de tennis.\u00a0<\/strong><\/p>\n<p>Le support est con\u00e7u pour \u00eatre fix\u00e9 \u00e0 une cl\u00f4ture d&#8217;un diam\u00e8tre de 40 mm \u00e0 65 mm.<\/p>\n","protected":false},"excerpt":{"rendered":"<p>Support double pour balais de court de tennis.\u00a0 Le support est con\u00e7u pour \u00eatre fix\u00e9 \u00e0 une cl\u00f4ture d&#8217;un diam\u00e8tre de 40 mm \u00e0 65 mm.<\/p>\n","protected":false},"featured_media":12001,"comment_status":"open","ping_status":"closed","template":"","meta":[],"product_cat":[79],"product_tag":[],"_links":{"self":[{"href":"https:\/\/www.sport4club.be\/index.php\/wp-json\/wp\/v2\/product\/5319"}],"collection":[{"href":"https:\/\/www.sport4club.be\/index.php\/wp-json\/wp\/v2\/product"}],"about":[{"href":"https:\/\/www.sport4club.be\/index.php\/wp-json\/wp\/v2\/types\/product"}],"replies":[{"embeddable":true,"href":"https:\/\/www.sport4club.be\/index.php\/wp-json\/wp\/v2\/comments?post=5319"}],"wp:featuredmedia":[{"embeddable":true,"href":"https:\/\/www.sport4club.be\/index.php\/wp-json\/wp\/v2\/media\/12001"}],"wp:attachment":[{"href":"https:\/\/www.sport4club.be\/index.php\/wp-json\/wp\/v2\/media?parent=5319"}],"wp:term":[{"taxonomy":"product_cat","embeddable":true,"href":"https:\/\/www.sport4club.be\/index.php\/wp-json\/wp\/v2\/product_cat?post=5319"},{"taxonomy":"product_tag","embeddable":true,"href":"https:\/\/www.sport4club.be\/index.php\/wp-json\/wp\/v2\/product_tag?post=5319"}],"curies":[{"name":"wp","href":"https:\/\/api.w.org\/{rel}","templated":true}]}}