{"id":5303,"date":"2018-11-16T11:37:30","date_gmt":"2018-11-16T10:37:30","guid":{"rendered":"https:\/\/www.sport4club.be\/index.php\/product\/merco-drag-mat-optiplan-rope\/"},"modified":"2026-02-27T07:40:38","modified_gmt":"2026-02-27T06:40:38","slug":"merco-drag-mat-optiplan-rope","status":"publish","type":"product","link":"https:\/\/www.sport4club.be\/index.php\/product\/merco-drag-mat-optiplan-rope\/","title":{"rendered":"Merco Drag Net Optiplan Rope double net, ALU lath"},"content":{"rendered":"<p><strong>Drag net<\/strong>\u00a0Extra double avec des lattes en aluminium conviennent \u00e0 l&#8217;entretien des courts en terre battue.\u00a0Ce mod\u00e8le de filet de tra\u00een\u00e9e est tir\u00e9 \u00e0 travers une corde, ainsi l&#8217;argile se r\u00e9pand uniform\u00e9ment sur toute la surface du court.\u00a0La taille nette est de 200 x 80 cm.<\/p>\n<ul>\n<li>Largeur : 2,00 m<\/li>\n<li>Hauteur 80 cm<\/li>\n<li>Filet\u00a0: SUPPL\u00c9MENTAIRE<\/li>\n<li>Profondeur : 80 cm<\/li>\n<li>Profil\u00e9 aluminium avec renfort : 2,5 kg<\/li>\n<\/ul>\n","protected":false},"excerpt":{"rendered":"<p>Drag net\u00a0Extra double avec des lattes en aluminium conviennent \u00e0 l&#8217;entretien des courts en terre battue.\u00a0Ce mod\u00e8le de filet de tra\u00een\u00e9e est tir\u00e9 \u00e0 travers une corde, ainsi l&#8217;argile se r\u00e9pand uniform\u00e9ment sur toute la surface du court.\u00a0La taille nette est de 200 x 80 cm. Largeur : 2,00 m Hauteur 80 cm Filet\u00a0: SUPPL\u00c9MENTAIRE [&hellip;]<\/p>\n","protected":false},"featured_media":11989,"comment_status":"open","ping_status":"closed","template":"","meta":[],"product_cat":[79],"product_tag":[],"_links":{"self":[{"href":"https:\/\/www.sport4club.be\/index.php\/wp-json\/wp\/v2\/product\/5303"}],"collection":[{"href":"https:\/\/www.sport4club.be\/index.php\/wp-json\/wp\/v2\/product"}],"about":[{"href":"https:\/\/www.sport4club.be\/index.php\/wp-json\/wp\/v2\/types\/product"}],"replies":[{"embeddable":true,"href":"https:\/\/www.sport4club.be\/index.php\/wp-json\/wp\/v2\/comments?post=5303"}],"wp:featuredmedia":[{"embeddable":true,"href":"https:\/\/www.sport4club.be\/index.php\/wp-json\/wp\/v2\/media\/11989"}],"wp:attachment":[{"href":"https:\/\/www.sport4club.be\/index.php\/wp-json\/wp\/v2\/media?parent=5303"}],"wp:term":[{"taxonomy":"product_cat","embeddable":true,"href":"https:\/\/www.sport4club.be\/index.php\/wp-json\/wp\/v2\/product_cat?post=5303"},{"taxonomy":"product_tag","embeddable":true,"href":"https:\/\/www.sport4club.be\/index.php\/wp-json\/wp\/v2\/product_tag?post=5303"}],"curies":[{"name":"wp","href":"https:\/\/api.w.org\/{rel}","templated":true}]}}