{"id":5301,"date":"2018-11-16T11:37:30","date_gmt":"2018-11-16T10:37:30","guid":{"rendered":"https:\/\/www.sport4club.be\/index.php\/product\/merco-timber-dew-broom-140\/"},"modified":"2025-04-22T08:37:31","modified_gmt":"2025-04-22T06:37:31","slug":"merco-timber-dew-broom-140","status":"publish","type":"product","link":"https:\/\/www.sport4club.be\/index.php\/product\/merco-timber-dew-broom-140\/","title":{"rendered":"Merco TIMBER DEW BROOM"},"content":{"rendered":"<p><em>Le balai en bois pour terre battue Merco est un outil pratique pour l&#8217;entretien des terrains. <\/em><\/p>\n<p><em>Ses dimensions sont de 140&#215;10,5cm. <\/em><\/p>\n<p><em>Le balai est fabriqu\u00e9 en fibres synth\u00e9tiques. <\/em><\/p>\n<p><em>Ce mod\u00e8le de balai est adapt\u00e9 \u00e0 l&#8217;entretien des terrains de tennis et de volley-ball..<\/em><\/p>\n","protected":false},"excerpt":{"rendered":"<p>Le balai en bois pour terre battue Merco est un outil pratique pour l&#8217;entretien des terrains. Ses dimensions sont de 140&#215;10,5cm. Le balai est fabriqu\u00e9 en fibres synth\u00e9tiques. Ce mod\u00e8le de balai est adapt\u00e9 \u00e0 l&#8217;entretien des terrains de tennis et de volley-ball..<\/p>\n","protected":false},"featured_media":108936,"comment_status":"open","ping_status":"closed","template":"","meta":[],"product_cat":[79],"product_tag":[],"_links":{"self":[{"href":"https:\/\/www.sport4club.be\/index.php\/wp-json\/wp\/v2\/product\/5301"}],"collection":[{"href":"https:\/\/www.sport4club.be\/index.php\/wp-json\/wp\/v2\/product"}],"about":[{"href":"https:\/\/www.sport4club.be\/index.php\/wp-json\/wp\/v2\/types\/product"}],"replies":[{"embeddable":true,"href":"https:\/\/www.sport4club.be\/index.php\/wp-json\/wp\/v2\/comments?post=5301"}],"wp:featuredmedia":[{"embeddable":true,"href":"https:\/\/www.sport4club.be\/index.php\/wp-json\/wp\/v2\/media\/108936"}],"wp:attachment":[{"href":"https:\/\/www.sport4club.be\/index.php\/wp-json\/wp\/v2\/media?parent=5301"}],"wp:term":[{"taxonomy":"product_cat","embeddable":true,"href":"https:\/\/www.sport4club.be\/index.php\/wp-json\/wp\/v2\/product_cat?post=5301"},{"taxonomy":"product_tag","embeddable":true,"href":"https:\/\/www.sport4club.be\/index.php\/wp-json\/wp\/v2\/product_tag?post=5301"}],"curies":[{"name":"wp","href":"https:\/\/api.w.org\/{rel}","templated":true}]}}